{"id":7805,"date":"2018-10-11T02:15:44","date_gmt":"2018-10-11T01:15:44","guid":{"rendered":"https:\/\/hotelmilanomiazzina.com\/home\/"},"modified":"2025-02-26T14:13:44","modified_gmt":"2025-02-26T13:13:44","slug":"home","status":"publish","type":"page","link":"https:\/\/hotelmilanomiazzina.com\/de\/","title":{"rendered":"Home"},"content":{"rendered":"<p>[vc_row gap=&#8221;25&#8243; equal_height=&#8221;yes&#8221; content_placement=&#8221;middle&#8221; parallax=&#8221;enable_parallax&#8221; enable_loading_bg=&#8221;yes&#8221; css=&#8221;.vc_custom_1618589805273{margin-top: -70px !important;margin-bottom: -100px !important;padding-top: -50px !important;padding-bottom: -50px !important;background-color: #779094 !important;background-position: 0 0;background-repeat: no-repeat !important;}&#8221; responsive_css=&#8221;margin_top_large:20px|margin_bottom_large:20px|border_bottom_large:20px|padding_top_large:70px&#8221;][vc_column parallax=&#8221;yes&#8221; scale_from_x=&#8221;1&#8243; scale_from_y=&#8221;1&#8243; scale_from_z=&#8221;1&#8243; from_opacity=&#8221;1&#8243; scale_to_x=&#8221;1&#8243; scale_to_y=&#8221;1&#8243; scale_to_z=&#8221;1&#8243; to_opacity=&#8221;0&#8243; parallax_trigger=&#8221;onLeave&#8221; enable_content_animation=&#8221;yes&#8221; ca_init_scale_x=&#8221;1&#8243; ca_init_scale_y=&#8221;1&#8243; ca_init_scale_z=&#8221;1&#8243; ca_init_opacity=&#8221;0&#8243; ca_an_scale_x=&#8221;1&#8243; ca_an_scale_y=&#8221;1&#8243; ca_an_scale_z=&#8221;1&#8243; ca_an_opacity=&#8221;1&#8243; offset=&#8221;vc_col-md-12&#8243; ca_init_translate_x=&#8221;-47&#8243; translate_from_y=&#8221;0&#8243; translate_to_y=&#8221;-145&#8243; ca_init_translate_y=&#8221;0&#8243; ca_duration=&#8221;1200&#8243; ca_delay=&#8221;150&#8243;][vc_empty_space height=&#8221;70px&#8221;]<style>.ld_fancy_heading_69f8deae78a51 h1{font-weight:700;color:rgb(255, 255, 255);}@media (min-width: 992px) { .ld_fancy_heading_69f8deae78a51 h1 {margin-bottom:0.3em !important;  }  } .ld_fancy_heading_69f8deae78a51 .lqd-highlight-inner{bottom:0px;}@media (min-width: 992px) { .ld_fancy_heading_69f8deae78a51 h1 {margin-bottom:0.3em !important;  }  } <\/style><div class=\"ld-fancy-heading ld_fancy_heading_69f8deae78a51\">\n\t<h1 class=\"lqd-highlight-underline lqd-highlight-grow-left\" ><span class=\"ld-fh-txt\"> <\/p>\n<h1>Ihre Zuflucht zwischen<br \/>\nBerg und See<\/h1>\n<p><\/span><\/h1><\/div>[vc_empty_space height=&#8221;35px&#8221;][vc_separator color=&#8221;custom&#8221; align=&#8221;align_left&#8221; border_width=&#8221;4&#8243; el_width=&#8221;10&#8243; accent_color=&#8221;#ffffff&#8221; css=&#8221;.vc_custom_1583323540344{margin-bottom: 25px !important;}&#8221;][\/vc_column][\/vc_row][vc_row gap=&#8221;25&#8243; css=&#8221;.vc_custom_1583329283689{padding-bottom: 100px !important;background-color: #779094 !important;}&#8221;][vc_column offset=&#8221;vc_col-md-6&#8243;]<style>.ld_content_box_69f8deae78cff{min-height:500px;}<\/style><div id=\"ld_content_box_69f8deae78cff\" class=\"fancy-box text-center scheme-light fancy-box-heading-lg fancy-box-overlay fancy-box-overlay-alt fancy-box-custom-height ld_content_box_69f8deae78cff\">\n\t\n\t<div class=\"cb-img-container\">\n\t\t<figure class=\"fancy-box-image border-radius-3\" data-responsive-bg=\"true\" data-liquid-blur=\"true\" data-blur-options='{\"imgSrc\":\"backgroundImage\",\"radius\":100,\"blurHandlerOn\":\"static\"}'><img width=\"1500\" height=\"1000\" src=\"data:image\/svg+xml;charset=utf-8,&lt;svg xmlns%3D&#039;http%3A%2F%2Fwww.w3.org%2F2000%2Fsvg&#039; viewBox%3D&#039;0 0  &#039;%2F&gt;\" class=\"invisible ld-lazyload\" alt=\"Hotel Milano\" loading=\"lazy\" srcset=\"\" sizes=\"(max-width: 1500px) 100vw, 1500px\" data-src=\"https:\/\/hotelmilanomiazzina.com\/wp-content\/uploads\/2021\/03\/Hotel-Milano-Miazzina-P1072950.jpg\" data-srcset=\"https:\/\/hotelmilanomiazzina.com\/wp-content\/uploads\/2021\/03\/Hotel-Milano-Miazzina-P1072950.jpg 1500w, https:\/\/hotelmilanomiazzina.com\/wp-content\/uploads\/2021\/03\/Hotel-Milano-Miazzina-P1072950-300x200.jpg 300w, https:\/\/hotelmilanomiazzina.com\/wp-content\/uploads\/2021\/03\/Hotel-Milano-Miazzina-P1072950-1024x683.jpg 1024w\" data-aspect=\"\" \/><\/figure>\t<\/div><!-- \/.cb-img-container -->\n\n\t<span class=\"cb-overlay\"><\/span><!-- \/.cb-overlay -->\n\n\t<div class=\"fancy-box-contents justify-content-center\">\n\t\t\n\t\t<div class=\"fancy-box-header\">\n\n\t\t\t<h3 class=\"text-uppercase ltr-sp-05 font-weight-bold mb-3\">Hotel Milano<\/h3>\t\t\t<p class=\"text-uppercase ltr-sp-175 font-weight-semibold\">RAUSFINDEN<\/p>\n\t\t<\/div><!-- \/.fancy-box-header -->\n\t\t\n\t<\/div><!-- \/.fancy-box-contents -->\n\n\t<a href=\"\/de\/hotel-milano\/\" class=\"liquid-overlay-link\"><\/a>\t\n<\/div><!-- \/.fancy-box fancy-box-classes -->[\/vc_column][vc_column offset=&#8221;vc_col-md-6&#8243;]<style>.ld_content_box_69f8deae790f7{min-height:500px;}<\/style><div id=\"ld_content_box_69f8deae790f7\" class=\"fancy-box text-center scheme-light fancy-box-heading-lg fancy-box-overlay fancy-box-overlay-alt fancy-box-custom-height ld_content_box_69f8deae790f7\">\n\t\n\t<div class=\"cb-img-container\">\n\t\t<figure class=\"fancy-box-image border-radius-3\" data-responsive-bg=\"true\" data-liquid-blur=\"true\" data-blur-options='{\"imgSrc\":\"backgroundImage\",\"radius\":100,\"blurHandlerOn\":\"static\"}'><img width=\"1000\" height=\"1000\" src=\"data:image\/svg+xml;charset=utf-8,&lt;svg xmlns%3D&#039;http%3A%2F%2Fwww.w3.org%2F2000%2Fsvg&#039; viewBox%3D&#039;0 0  &#039;%2F&gt;\" class=\"invisible ld-lazyload\" alt=\"Restaurant Carpinus\" loading=\"lazy\" srcset=\"\" sizes=\"(max-width: 1000px) 100vw, 1000px\" data-src=\"https:\/\/hotelmilanomiazzina.com\/wp-content\/uploads\/2021\/03\/menu1-Ristorante-Carpinus-Miazzina-P1072963.jpg\" data-srcset=\"https:\/\/hotelmilanomiazzina.com\/wp-content\/uploads\/2021\/03\/menu1-Ristorante-Carpinus-Miazzina-P1072963.jpg 1000w, https:\/\/hotelmilanomiazzina.com\/wp-content\/uploads\/2021\/03\/menu1-Ristorante-Carpinus-Miazzina-P1072963-300x300.jpg 300w, https:\/\/hotelmilanomiazzina.com\/wp-content\/uploads\/2021\/03\/menu1-Ristorante-Carpinus-Miazzina-P1072963-150x150.jpg 150w\" data-aspect=\"\" \/><\/figure>\t<\/div><!-- \/.cb-img-container -->\n\n\t<span class=\"cb-overlay\"><\/span><!-- \/.cb-overlay -->\n\n\t<div class=\"fancy-box-contents justify-content-center\">\n\t\t\n\t\t<div class=\"fancy-box-header\">\n\n\t\t\t<h3 class=\"text-uppercase ltr-sp-05 font-weight-bold mb-3\">Restaurant Carpinus<\/h3>\t\t\t<p class=\"text-uppercase ltr-sp-175 font-weight-semibold\">RAUSFINDEN<\/p>\n\t\t<\/div><!-- \/.fancy-box-header -->\n\t\t\n\t<\/div><!-- \/.fancy-box-contents -->\n\n\t<a href=\"\/de\/carpinus-restaurant\/\" class=\"liquid-overlay-link\"><\/a>\t\n<\/div><!-- \/.fancy-box fancy-box-classes -->[\/vc_column][\/vc_row][vc_row gap=&#8221;25&#8243; css=&#8221;.vc_custom_1583338675722{padding-bottom: 100px !important;background-color: #779094 !important;}&#8221;][vc_column width=&#8221;1\/6&#8243;][\/vc_column][vc_column width=&#8221;2\/3&#8243; offset=&#8221;vc_col-xs-12&#8243; el_class=&#8221;dida&#8221;][vc_column_text el_class=&#8221;bianco&#8221;]<\/p>\n<h2>Herzlich Willkommen im Hotel Milano und im Carpinus Restaurant.<\/h2>\n<p>[\/vc_column_text][vc_empty_space height=&#8221;35px&#8221;][vc_column_text el_class=&#8221;bianco&#8221;]Hotel Milano und Ristorante Carpinus befinden sich in Miazzina vor den Toren des Nationalparks Val Grande auf den H\u00f6hen des Lago Maggiore, nur 10 Fahrminuten von den Hauptzentren von Verbania entfernt; bieten komfortable Unterk\u00fcnfte in der Mitte von Gr\u00fcn und Ruhe und ein gastronomisches Erlebnis, das es zu entdecken gilt.[\/vc_column_text][vc_empty_space height=&#8221;35px&#8221;][vc_row_inner][vc_column_inner align=&#8221;text-right&#8221;]<style>.ld_button_69f8deae79420{color:rgb(255, 255, 255);}<\/style><a href=\"\/de\/kontakte\/\" class=\"btn btn-default text-uppercase btn-lg btn-bordered border-thick ld_button_69f8deae79420 vc_custom_1617188711548\">\n\t<span>\n\t\t\n\t\t\t\t\t<span class=\"btn-txt\">Kontaktieren Sie uns<\/span>\n\t\t\t\n\t\t\t\t<\/span>\n<\/a>\n[\/vc_column_inner][\/vc_row_inner][\/vc_column][vc_column width=&#8221;1\/6&#8243;][\/vc_column][\/vc_row][vc_row gap=&#8221;25&#8243; css=&#8221;.vc_custom_1583338694975{background-color: #779094 !important;}&#8221;][vc_column][vc_separator color=&#8221;custom&#8221; align=&#8221;align_left&#8221; border_width=&#8221;4&#8243; el_width=&#8221;10&#8243; accent_color=&#8221;#ffffff&#8221; css=&#8221;.vc_custom_1583312758815{margin-bottom: 25px !important;}&#8221;][vc_empty_space height=&#8221;35px&#8221;][\/vc_column][\/vc_row][vc_row enable_content_animation=&#8221;yes&#8221; ca_init_scale_x=&#8221;1&#8243; ca_init_scale_y=&#8221;1&#8243; ca_init_scale_z=&#8221;1&#8243; ca_init_opacity=&#8221;0&#8243; ca_an_scale_x=&#8221;1&#8243; ca_an_scale_y=&#8221;1&#8243; ca_an_scale_z=&#8221;1&#8243; ca_an_opacity=&#8221;1&#8243; css=&#8221;.vc_custom_1583329359284{padding-top: 60px !important;padding-bottom: 110px !important;}&#8221; ca_duration=&#8221;1200&#8243; ca_delay=&#8221;150&#8243; ca_init_translate_y=&#8221;60&#8243;][vc_column offset=&#8221;vc_col-md-4&#8243; css=&#8221;.vc_custom_1531990587404{padding-right: 20% !important;padding-left: 15% !important;}&#8221;][vc_column_text el_class=&#8221;bianco&#8221; css=&#8221;.vc_custom_1615366927952{margin-bottom: 5px !important;padding-bottom: 0px !important;}&#8221;]<img loading=\"lazy\" class=\"alignnone size-full wp-image-4349\" src=\"https:\/\/hotelmilanomiazzina.com\/wp-content\/uploads\/2021\/03\/icona-caloroso-benvenuto.png\" alt=\"\" width=\"100\" height=\"130\" \/>[\/vc_column_text][vc_empty_space height=&#8221;20px&#8221;][vc_column_text el_class=&#8221;bianco&#8221; css=&#8221;.vc_custom_1615367110168{padding-top: 20px !important;padding-bottom: 20px !important;}&#8221;]<\/p>\n<h4>Herzlich<br \/>\nWillkommen<\/h4>\n<p>[\/vc_column_text][vc_empty_space height=&#8221;20px&#8221;][vc_separator color=&#8221;custom&#8221; align=&#8221;align_left&#8221; border_width=&#8221;4&#8243; el_width=&#8221;40&#8243; accent_color=&#8221;#ffffff&#8221; css=&#8221;.vc_custom_1583319350017{margin-bottom: 25px !important;}&#8221;][vc_column_text el_class=&#8221;bianco&#8221;]Wir lieben es, dass sich unsere Kunden wie zu Hause f\u00fchlen.<br \/>\nW\u00e4hrend Ihres Aufenthalts in unserer Einrichtung stehen wir Ihnen jederzeit zur Verf\u00fcgung.[\/vc_column_text][\/vc_column][vc_column offset=&#8221;vc_col-md-4&#8243; css=&#8221;.vc_custom_1531990580962{padding-right: 20% !important;padding-left: 15% !important;}&#8221;][vc_column_text el_class=&#8221;bianco&#8221; css=&#8221;.vc_custom_1615367053749{margin-bottom: 5px !important;padding-bottom: 0px !important;}&#8221;]<img loading=\"lazy\" class=\"alignnone size-full wp-image-4349\" src=\"https:\/\/hotelmilanomiazzina.com\/wp-content\/uploads\/2021\/03\/icona-letto-piu%CC%80-comodo.png\" alt=\"\" width=\"100\" height=\"130\" \/>[\/vc_column_text][vc_empty_space height=&#8221;20px&#8221;][vc_column_text el_class=&#8221;bianco&#8221; css=&#8221;.vc_custom_1615974875344{padding-top: 20px !important;padding-bottom: 20px !important;}&#8221;]<\/p>\n<h4>Der Komfort unserer<br \/>\nUnterk\u00fcnfte<\/h4>\n<p>[\/vc_column_text][vc_empty_space height=&#8221;20px&#8221;][vc_separator color=&#8221;custom&#8221; align=&#8221;align_left&#8221; border_width=&#8221;4&#8243; el_width=&#8221;40&#8243; accent_color=&#8221;#ffffff&#8221; css=&#8221;.vc_custom_1583319350017{margin-bottom: 25px !important;}&#8221;][vc_column_text el_class=&#8221;bianco&#8221;]Die Zimmer und Ferienwohnungen des Hotels garantieren Sie maximalen Komfort f\u00fcr einen erholsamen Urlaub.[\/vc_column_text][\/vc_column][vc_column offset=&#8221;vc_col-md-4&#8243; css=&#8221;.vc_custom_1531990633769{padding-right: 20% !important;padding-left: 15% !important;}&#8221;][vc_column_text el_class=&#8221;bianco&#8221; css=&#8221;.vc_custom_1615367099682{margin-bottom: 5px !important;padding-bottom: 0px !important;}&#8221;]<img loading=\"lazy\" class=\"alignnone size-full wp-image-4349\" src=\"https:\/\/hotelmilanomiazzina.com\/wp-content\/uploads\/2021\/03\/icona_piatti-indimenticabili.png\" alt=\"\" width=\"100\" height=\"130\" \/>[\/vc_column_text][vc_empty_space height=&#8221;20px&#8221;][vc_column_text el_class=&#8221;bianco&#8221; css=&#8221;.vc_custom_1615974910185{padding-top: 20px !important;padding-bottom: 20px !important;}&#8221;]<\/p>\n<h4>Qualit\u00e4tsverpflegung<\/h4>\n<p>[\/vc_column_text][vc_empty_space height=&#8221;20px&#8221;][vc_separator color=&#8221;custom&#8221; align=&#8221;align_left&#8221; border_width=&#8221;4&#8243; el_width=&#8221;40&#8243; accent_color=&#8221;#ffffff&#8221; css=&#8221;.vc_custom_1583319350017{margin-bottom: 25px !important;}&#8221;][vc_column_text el_class=&#8221;bianco&#8221;]Die K\u00fcche des Carpinus Restaurants basiert auf der Auswahl der besten Rohstoffe, die von unserem K\u00fcchenchef kunstvoll zubereitet werden.[\/vc_column_text][\/vc_column][\/vc_row]<\/p>\n","protected":false},"excerpt":{"rendered":"<p>[vc_row gap=&#8221;25&#8243; equal_height=&#8221;yes&#8221; content_placement=&#8221;middle&#8221; parallax=&#8221;enable_parallax&#8221; enable_loading_bg=&#8221;yes&#8221; css=&#8221;.vc_custom_1618589805273{margin-top: -70px !important;margin-bottom: -100px !important;padding-top: -50px !important;padding-bottom: -50px !important;background-color:&#8230;<\/p>\n","protected":false},"author":1,"featured_media":0,"parent":0,"menu_order":0,"comment_status":"closed","ping_status":"open","template":"","meta":{"_links_to":"","_links_to_target":""},"yoast_head":"<!-- This site is optimized with the Yoast SEO plugin v16.1.1 - https:\/\/yoast.com\/wordpress\/plugins\/seo\/ -->\n<title>Hotel Milano und Carpinus Restaurant | Miazzina Verbania<\/title>\n<meta name=\"description\" content=\"Suchen Sie ein Zimmer oder eine Wohnung f\u00fcr Ihren Urlaub am Lago Maggiore? Oder m\u00f6chten Sie im Carpinus Restaurant exzellente Gerichte genie\u00dfen? Die Miazzina wartet auf dich.\" \/>\n<link rel=\"canonical\" href=\"https:\/\/hotelmilanomiazzina.com\/de\/\" \/>\n<meta property=\"og:locale\" content=\"de_DE\" \/>\n<meta property=\"og:type\" content=\"article\" \/>\n<meta property=\"og:title\" content=\"Hotel Milano und Carpinus Restaurant | Miazzina Verbania\" \/>\n<meta property=\"og:description\" content=\"Suchen Sie ein Zimmer oder eine Wohnung f\u00fcr Ihren Urlaub am Lago Maggiore? Oder m\u00f6chten Sie im Carpinus Restaurant exzellente Gerichte genie\u00dfen? Die Miazzina wartet auf dich.\" \/>\n<meta property=\"og:url\" content=\"https:\/\/hotelmilanomiazzina.com\/de\/\" \/>\n<meta property=\"og:site_name\" content=\"Hotel Milano Miazzina e Ristorante Carpinus\" \/>\n<meta property=\"article:modified_time\" content=\"2025-02-26T13:13:44+00:00\" \/>\n<meta property=\"og:image\" content=\"https:\/\/hotelmilanomiazzina.com\/wp-content\/uploads\/2021\/03\/icona-caloroso-benvenuto.png\" \/>\n<meta name=\"twitter:card\" content=\"summary_large_image\" \/>\n<meta name=\"twitter:label1\" content=\"Gesch\u00e4tzte Lesezeit\">\n\t<meta name=\"twitter:data1\" content=\"3\u00a0Minuten\">\n<script type=\"application\/ld+json\" class=\"yoast-schema-graph\">{\"@context\":\"https:\/\/schema.org\",\"@graph\":[{\"@type\":\"WebSite\",\"@id\":\"https:\/\/hotelmilanomiazzina.com\/#website\",\"url\":\"https:\/\/hotelmilanomiazzina.com\/\",\"name\":\"Hotel Milano Miazzina e Ristorante Carpinus\",\"description\":\"\",\"potentialAction\":[{\"@type\":\"SearchAction\",\"target\":\"https:\/\/hotelmilanomiazzina.com\/?s={search_term_string}\",\"query-input\":\"required name=search_term_string\"}],\"inLanguage\":\"de\"},{\"@type\":\"ImageObject\",\"@id\":\"https:\/\/hotelmilanomiazzina.com\/de\/#primaryimage\",\"inLanguage\":\"de\",\"url\":\"https:\/\/hotelmilanomiazzina.com\/wp-content\/uploads\/2021\/03\/icona-caloroso-benvenuto.png\",\"contentUrl\":\"https:\/\/hotelmilanomiazzina.com\/wp-content\/uploads\/2021\/03\/icona-caloroso-benvenuto.png\",\"width\":150,\"height\":150},{\"@type\":\"WebPage\",\"@id\":\"https:\/\/hotelmilanomiazzina.com\/de\/#webpage\",\"url\":\"https:\/\/hotelmilanomiazzina.com\/de\/\",\"name\":\"Hotel Milano und Carpinus Restaurant | Miazzina Verbania\",\"isPartOf\":{\"@id\":\"https:\/\/hotelmilanomiazzina.com\/#website\"},\"primaryImageOfPage\":{\"@id\":\"https:\/\/hotelmilanomiazzina.com\/de\/#primaryimage\"},\"datePublished\":\"2018-10-11T01:15:44+00:00\",\"dateModified\":\"2025-02-26T13:13:44+00:00\",\"description\":\"Suchen Sie ein Zimmer oder eine Wohnung f\\u00fcr Ihren Urlaub am Lago Maggiore? Oder m\\u00f6chten Sie im Carpinus Restaurant exzellente Gerichte genie\\u00dfen? Die Miazzina wartet auf dich.\",\"breadcrumb\":{\"@id\":\"https:\/\/hotelmilanomiazzina.com\/de\/#breadcrumb\"},\"inLanguage\":\"de\",\"potentialAction\":[{\"@type\":\"ReadAction\",\"target\":[\"https:\/\/hotelmilanomiazzina.com\/de\/\"]}]},{\"@type\":\"BreadcrumbList\",\"@id\":\"https:\/\/hotelmilanomiazzina.com\/de\/#breadcrumb\",\"itemListElement\":[{\"@type\":\"ListItem\",\"position\":1,\"item\":{\"@type\":\"WebPage\",\"@id\":\"https:\/\/hotelmilanomiazzina.com\/de\/\",\"url\":\"https:\/\/hotelmilanomiazzina.com\/de\/\",\"name\":\"Home\"}},{\"@type\":\"ListItem\",\"position\":2,\"item\":{\"@type\":\"WebPage\",\"@id\":\"https:\/\/hotelmilanomiazzina.com\/de\/\",\"url\":\"https:\/\/hotelmilanomiazzina.com\/de\/\",\"name\":\"Home\"}}]}]}<\/script>\n<!-- \/ Yoast SEO plugin. -->","_links":{"self":[{"href":"https:\/\/hotelmilanomiazzina.com\/de\/wp-json\/wp\/v2\/pages\/7805"}],"collection":[{"href":"https:\/\/hotelmilanomiazzina.com\/de\/wp-json\/wp\/v2\/pages"}],"about":[{"href":"https:\/\/hotelmilanomiazzina.com\/de\/wp-json\/wp\/v2\/types\/page"}],"author":[{"embeddable":true,"href":"https:\/\/hotelmilanomiazzina.com\/de\/wp-json\/wp\/v2\/users\/1"}],"replies":[{"embeddable":true,"href":"https:\/\/hotelmilanomiazzina.com\/de\/wp-json\/wp\/v2\/comments?post=7805"}],"version-history":[{"count":10,"href":"https:\/\/hotelmilanomiazzina.com\/de\/wp-json\/wp\/v2\/pages\/7805\/revisions"}],"predecessor-version":[{"id":9602,"href":"https:\/\/hotelmilanomiazzina.com\/de\/wp-json\/wp\/v2\/pages\/7805\/revisions\/9602"}],"wp:attachment":[{"href":"https:\/\/hotelmilanomiazzina.com\/de\/wp-json\/wp\/v2\/media?parent=7805"}],"curies":[{"name":"wp","href":"https:\/\/api.w.org\/{rel}","templated":true}]}}