{"id":8607,"date":"2021-03-26T15:04:50","date_gmt":"2021-03-26T14:04:50","guid":{"rendered":"https:\/\/hotelmilanomiazzina.com\/hotel-milano\/"},"modified":"2026-03-19T20:40:38","modified_gmt":"2026-03-19T19:40:38","slug":"hotel-milano","status":"publish","type":"page","link":"https:\/\/hotelmilanomiazzina.com\/de\/hotel-milano\/","title":{"rendered":"Hotel Milano"},"content":{"rendered":"<p>[vc_row row_hide=&#8221;hidden-xs&#8221;][vc_column][vc_empty_space height=&#8221;100px&#8221;][\/vc_column][\/vc_row][vc_row full_width=&#8221;stretch_row&#8221; gap=&#8221;25&#8243; full_height=&#8221;yes&#8221; equal_height=&#8221;yes&#8221; content_placement=&#8221;middle&#8221; enable_loading_bg=&#8221;yes&#8221; bg_position=&#8221;center center&#8221; bg_attachment=&#8221;fixed&#8221; css=&#8221;.vc_custom_1615390320139{background-image: url(https:\/\/hotelmilanomiazzina.com\/wp-content\/uploads\/2021\/03\/home-hotel-ridotto.jpg?id=8390) !important;background-position: 0 0 !important;background-repeat: no-repeat !important;}&#8221;][vc_column width=&#8221;1\/6&#8243; css=&#8221;.vc_custom_1583404925067{padding-top: 500px !important;padding-left: 20px !important;}&#8221; offset=&#8221;vc_hidden-xs&#8221;][\/vc_column][vc_column width=&#8221;2\/3&#8243;]<style>.ld_fancy_heading_69dff6f1518ca h1{font-weight:700;color:rgb(255, 255, 255);}@media (min-width: 992px) { .ld_fancy_heading_69dff6f1518ca h1 {margin-bottom:0.3em !important;  }  } .ld_fancy_heading_69dff6f1518ca .lqd-highlight-inner{bottom:0px;}@media (min-width: 992px) { .ld_fancy_heading_69dff6f1518ca h1 {margin-bottom:0.3em !important;  }  } <\/style><div class=\"ld-fancy-heading text-center ld_fancy_heading_69dff6f1518ca\">\n\t<h1 class=\"lqd-highlight-underline lqd-highlight-grow-left\" ><span class=\"ld-fh-txt\"> <span class=\"big2\">Hotel Milano<\/span><\/span><\/h1><\/div>[\/vc_column][vc_column width=&#8221;1\/6&#8243;][\/vc_column][\/vc_row][vc_row full_width=&#8221;stretch_row&#8221; gap=&#8221;0&#8243; css=&#8221;.vc_custom_1583425247441{padding-top: 150px !important;}&#8221; el_id=&#8221;location&#8221;][vc_column width=&#8221;1\/6&#8243;][\/vc_column][vc_column width=&#8221;5\/6&#8243;][vc_empty_space height=&#8221;30px&#8221;][vc_row_inner][vc_column_inner width=&#8221;1\/2&#8243; css=&#8221;.vc_custom_1583405183007{padding-right: 20px !important;padding-left: 20px !important;}&#8221;][vc_empty_space height=&#8221;10px&#8221;][vc_column_text el_class=&#8221;bianco&#8221;]<\/p>\n<h3 class=\"bianco\">Das Konzept<\/h3>\n<p>[\/vc_column_text][vc_empty_space height=&#8221;30px&#8221;][vc_column_text el_class=&#8221;bianco&#8221;]<span class=\"grande\">Die Liebe zum Territorium, zu Traditionen, Essen und Wein, zur Gastfreundschaft und zu allem rund um dieses veranlasste uns, dieses bereits seit den 1940er Jahren aktive Hotel neu zu starten und das angrenzende Restaurant Carpinus zu er\u00f6ffnen.<br \/>\n<\/span>[\/vc_column_text][vc_empty_space height=&#8221;30px&#8221;]<style>.ld_button_69dff6f151b42{color:rgb(255, 255, 255);}<\/style><a href=\"https:\/\/booking.passepartout.cloud\/booking?oidPortale=12598&#038;lingua=de\" target=\"_blank\" class=\"btn btn-default text-uppercase btn-lg btn-bordered border-thick ld_button_69dff6f151b42 vc_custom_1661345409718\">\n\t<span>\n\t\t\n\t\t\t\t\t<span class=\"btn-txt\">RESERVIEREN SIE<\/span>\n\t\t\t\n\t\t\t\t<\/span>\n<\/a>\n[\/vc_column_inner][vc_column_inner width=&#8221;1\/2&#8243; align=&#8221;text-right&#8221; offset=&#8221;vc_hidden-xs&#8221;][vc_single_image image=&#8221;8522&#8243; img_size=&#8221;full&#8221;][\/vc_column_inner][\/vc_row_inner][\/vc_column][\/vc_row][vc_row full_width=&#8221;stretch_row&#8221; gap=&#8221;0&#8243; content_placement=&#8221;middle&#8221; css=&#8221;.vc_custom_1583426634411{padding-top: 150px !important;}&#8221; el_id=&#8221;chef&#8221;][vc_column width=&#8221;5\/6&#8243;][vc_row_inner content_placement=&#8221;middle&#8221;][vc_column_inner width=&#8221;1\/2&#8243; align=&#8221;text-right&#8221;][vc_single_image image=&#8221;8373&#8243; img_size=&#8221;large&#8221;][\/vc_column_inner][vc_column_inner width=&#8221;1\/2&#8243; css=&#8221;.vc_custom_1583410119790{padding-top: 50px !important;padding-right: 20px !important;padding-bottom: 50px !important;padding-left: 30px !important;}&#8221; responsive_css=&#8221;padding_left_large:60px&#8221;][vc_column_text el_class=&#8221;bianco&#8221;]<\/p>\n<h3 class=\"bianco\">L\u2019Hotel<\/h3>\n<p>[\/vc_column_text][vc_empty_space height=&#8221;30px&#8221;][vc_column_text el_class=&#8221;bianco&#8221;]<span class=\"grande\">Das Hotel Milano ist bereits Ende des 19. Jahrhunderts in Miazzina pr\u00e4sent.<br \/>\nDas Hotel liegt vor den Toren des Val Grande Parks auf den H\u00f6hen des Lago Maggiore und ist der ideale Startpunkt f\u00fcr Ihre Ausfl\u00fcge, um die k\u00fcnstlerischen und landschaftlichen Sch\u00e4tze der Region zu entdecken.<\/span><\/p>\n<p><span class=\"grande\">Die Unterkunft befindet sich nur 10 km von Verbania, 20 km von Stresa und 45 km von Locarno entfernt. Es ist auch weniger als eine Stunde vom Flughafen Mailand Malpensa entfernt.<\/span><\/p>\n<p><span class=\"grande\">Das komplett renovierte Hotel Milano bietet 3 Appartements mit Terrasse, 2 Suiten, 4 Doppelzimmer und 1 Einzelzimmer, um den Bed\u00fcrfnissen aller unserer Kunden gerecht zu werden. Tats\u00e4chlich \u00fcbernehmen wir die von der Weltgesundheitsorganisation (WHO) und dem italienischen Hochschulinstitut f\u00fcr Gesundheit (ISS) vorgeschlagenen Protokolle.<\/span><\/p>\n<p>Wir informieren unsere freundlichen G\u00e4ste, dass der Whirlpool im Freien aufgrund der saisonalen Schlie\u00dfung bis Juni 2025 nicht verf\u00fcgbar sein wird.[\/vc_column_text][vc_empty_space height=&#8221;30px&#8221;][\/vc_column_inner][\/vc_row_inner][\/vc_column][vc_column width=&#8221;1\/6&#8243;][\/vc_column][\/vc_row][vc_row full_width=&#8221;stretch_row&#8221; gap=&#8221;0&#8243; content_placement=&#8221;middle&#8221; css=&#8221;.vc_custom_1583428068394{padding-top: 100px !important;padding-bottom: 100px !important;}&#8221; el_id=&#8221;menu&#8221;][vc_column width=&#8221;1\/6&#8243;][\/vc_column][vc_column width=&#8221;5\/6&#8243;][vc_row_inner content_placement=&#8221;middle&#8221;][vc_column_inner width=&#8221;1\/2&#8243; css=&#8221;.vc_custom_1583405420904{padding-right: 30px !important;padding-bottom: 80px !important;padding-left: 30px !important;}&#8221;][vc_separator color=&#8221;white&#8221; align=&#8221;align_left&#8221; border_width=&#8221;4&#8243; el_width=&#8221;10&#8243;][vc_empty_space height=&#8221;35px&#8221;][vc_column_text el_class=&#8221;bianco&#8221;]<\/p>\n<h3 class=\"bianco\">Die Umgebung<\/h3>\n<p>[\/vc_column_text][vc_empty_space height=&#8221;30px&#8221;][vc_column_text el_class=&#8221;bianco&#8221;]<span class=\"grande\">W\u00e4hrend ihres Aufenthalts k\u00f6nnen unsere G\u00e4ste die kulturellen und landschaftlichen Sch\u00f6nheiten des Val Grande und der Ufer des Lago Maggiore entdecken. Unsere Rezeption stellt Ihnen gerne alle Informationen zur Verf\u00fcgung, die Sie interessieren.<\/span>[\/vc_column_text][vc_empty_space height=&#8221;30px&#8221;][vc_column_text el_class=&#8221;bianco&#8221;]<\/p>\n<h5 class=\"bianco\">F\u00fcr diejenigen, die erkunden wollen<\/h5>\n<p>[\/vc_column_text][vc_empty_space height=&#8221;20px&#8221;][vc_column_text el_class=&#8221;bianco&#8221;]<span class=\"grande\">Wenn Sie eine Bootsfahrt auf dem wundersch\u00f6nen Lago Maggiore unternehmen m\u00f6chten, k\u00f6nnen Sie den Tag einer Tour \u00fcber die Borrom\u00e4ischen Inseln widmen. Du wirst es nicht bereuen!<br \/>\nWenn Sie Botanik und Natur lieben, empfehlen wir Ihnen, den Botanischen Park der Villa Taranto in Verbania und den Park der Villa Pallavicino in Stresa zu besuchen. Auch ideal f\u00fcr Kinder f\u00fcr einen sch\u00f6nen Spaziergang, geh\u00f6ren sie dank der Artenvielfalt, die dort ihre Heimat finden, zu den besten ihrer Art in ganz Italien.<\/span>[\/vc_column_text][vc_empty_space height=&#8221;50px&#8221;][vc_column_text el_class=&#8221;bianco&#8221;]<\/p>\n<h5 class=\"bianco\">F\u00fcr diejenigen, die Sport lieben<\/h5>\n<p>[\/vc_column_text][vc_empty_space height=&#8221;20px&#8221;][vc_column_text el_class=&#8221;bianco&#8221;]<span class=\"grande\">Wenn Sie andererseits sportlicher sind und einen sch\u00f6nen Spaziergang machen oder Ihr Mountainbike in den Bergen rund um den Val Grande Park ausprobieren m\u00f6chten, gibt Ihnen unsere Rezeption gerne alle Informationen, die Sie interessieren.<br \/>\nF\u00fcr die Wagemutigeren weisen wir schlie\u00dflich auf die M\u00f6glichkeit hin, vom speziellen Startfeld 2 km vom Land entfernt Gleitschirmfliegen zu k\u00f6nnen oder den Nervenkitzel der Zipline zu erleben.<\/span>[\/vc_column_text][vc_empty_space height=&#8221;50px&#8221;][\/vc_column_inner][vc_column_inner width=&#8221;1\/2&#8243; align=&#8221;text-right&#8221;][vc_single_image image=&#8221;8091&#8243; img_size=&#8221;large&#8221; css=&#8221;.vc_custom_1615390480301{margin-right: 70px !important;}&#8221;][\/vc_column_inner][\/vc_row_inner][\/vc_column][\/vc_row][vc_row enable_content_animation=&#8221;yes&#8221; ca_init_scale_x=&#8221;1&#8243; ca_init_scale_y=&#8221;1&#8243; ca_init_scale_z=&#8221;1&#8243; ca_init_opacity=&#8221;0&#8243; ca_an_scale_x=&#8221;1&#8243; ca_an_scale_y=&#8221;1&#8243; ca_an_scale_z=&#8221;1&#8243; ca_an_opacity=&#8221;1&#8243; css=&#8221;.vc_custom_1584543549854{padding-top: 30px !important;padding-bottom: 110px !important;}&#8221; ca_duration=&#8221;1200&#8243; ca_delay=&#8221;150&#8243; ca_init_translate_y=&#8221;60&#8243;][vc_column offset=&#8221;vc_col-md-4&#8243; css=&#8221;.vc_custom_1531990587404{padding-right: 20% !important;padding-left: 15% !important;}&#8221;][vc_column_text el_class=&#8221;bianco&#8221; css=&#8221;.vc_custom_1615367214984{margin-bottom: 0px !important;padding-bottom: 0px !important;}&#8221;]<img loading=\"lazy\" class=\"alignnone size-full wp-image-7713\" src=\"https:\/\/hotelmilanomiazzina.com\/wp-content\/uploads\/2021\/03\/icona-divertimenti-per-tutti.png\" alt=\"\" width=\"100\" height=\"130\" \/>[\/vc_column_text][vc_empty_space height=&#8221;20px&#8221;][vc_column_text el_class=&#8221;bianco&#8221; css=&#8221;.vc_custom_1585586457952{padding-top: 10px !important;padding-bottom: 20px !important;}&#8221;]<\/p>\n<h4>Spa\u00df f\u00fcr alle<\/h4>\n<p>[\/vc_column_text][vc_empty_space height=&#8221;20px&#8221;][vc_separator color=&#8221;custom&#8221; align=&#8221;align_left&#8221; border_width=&#8221;4&#8243; el_width=&#8221;40&#8243; accent_color=&#8221;#ffffff&#8221; css=&#8221;.vc_custom_1583319350017{margin-bottom: 25px !important;}&#8221;][vc_column_text el_class=&#8221;bianco&#8221;]Lago Maggiore Zipline,Gleitschirmfliegens , Ausfl\u00fcge in den Val Grande National Park, Mountain Bike, Sportfischen, Aquadventure Park Baveno.[\/vc_column_text][\/vc_column][vc_column offset=&#8221;vc_col-md-4&#8243; css=&#8221;.vc_custom_1531990580962{padding-right: 20% !important;padding-left: 15% !important;}&#8221;][vc_column_text el_class=&#8221;bianco&#8221; css=&#8221;.vc_custom_1615367357733{margin-bottom: 0px !important;padding-bottom: 0px !important;}&#8221;]<img loading=\"lazy\" class=\"alignnone size-full wp-image-7711\" src=\"https:\/\/hotelmilanomiazzina.com\/wp-content\/uploads\/2021\/03\/icona-escursioni-in-montagna.png\" alt=\"\" width=\"100\" height=\"130\" \/>[\/vc_column_text][vc_empty_space height=&#8221;20px&#8221;][vc_column_text el_class=&#8221;bianco&#8221; css=&#8221;.vc_custom_1585586449508{padding-top: 10px !important;padding-bottom: 20px !important;}&#8221;]<\/p>\n<h4>Bergwandern<\/h4>\n<p>[\/vc_column_text][vc_empty_space height=&#8221;20px&#8221;][vc_separator color=&#8221;custom&#8221; align=&#8221;align_left&#8221; border_width=&#8221;4&#8243; el_width=&#8221;40&#8243; accent_color=&#8221;#ffffff&#8221; css=&#8221;.vc_custom_1583319350017{margin-bottom: 25px !important;}&#8221;][vc_column_text el_class=&#8221;bianco&#8221;]In der n\u00e4he des Hotels : Alpe Rugno, Alpe Pian Cavallone<br \/>\nMit dem Auto erreichbar : Alpe Devero, Mottarone, Valle Vigezzo, Val Formazza, Cascate del Toce und Riale<br \/>\nMehrere Informationen befinden Sie im Reception.[\/vc_column_text][\/vc_column][vc_column offset=&#8221;vc_col-md-4&#8243; css=&#8221;.vc_custom_1531990633769{padding-right: 20% !important;padding-left: 15% !important;}&#8221;][vc_column_text el_class=&#8221;bianco&#8221; css=&#8221;.vc_custom_1615367404173{margin-bottom: 0px !important;padding-bottom: 0px !important;}&#8221;]<img loading=\"lazy\" class=\"alignnone size-full wp-image-7542\" src=\"https:\/\/hotelmilanomiazzina.com\/wp-content\/uploads\/2021\/03\/icona-localita-vicine.png\" alt=\"\" width=\"100\" height=\"130\" \/>[\/vc_column_text][vc_empty_space height=&#8221;20px&#8221;][vc_column_text el_class=&#8221;bianco&#8221; css=&#8221;.vc_custom_1585586608000{padding-top: 10px !important;padding-bottom: 20px !important;}&#8221;]<\/p>\n<h4>Orte in unserer N\u00e4he<\/h4>\n<p>[\/vc_column_text][vc_empty_space height=&#8221;20px&#8221;][vc_separator color=&#8221;custom&#8221; align=&#8221;align_left&#8221; border_width=&#8221;4&#8243; el_width=&#8221;40&#8243; accent_color=&#8221;#ffffff&#8221; css=&#8221;.vc_custom_1583319350017{margin-bottom: 25px !important;}&#8221;][vc_column_text el_class=&#8221;bianco&#8221;]Intra und Pallanza (10km), Stresa (20km), Locarno und Ascona (45km), Milano (100km), Malpensa Flughafen (70km).[\/vc_column_text][\/vc_column][\/vc_row][vc_row gap=&#8221;25&#8243; content_placement=&#8221;middle&#8221; css=&#8221;.vc_custom_1583492775875{padding-top: 100px !important;padding-bottom: 100px !important;background-color: #cccccc !important;}&#8221; el_id=&#8221;prenota&#8221;][vc_column width=&#8221;2\/3&#8243; offset=&#8221;vc_col-md-8&#8243;][vc_column_text el_class=&#8221;bianco&#8221;]<\/p>\n<h2>Entdecken Sie die Zimmer des Hotels Milano<\/h2>\n<p>[\/vc_column_text][\/vc_column][vc_column width=&#8221;1\/3&#8243; align=&#8221;text-right&#8221;]<style>.ld_button_69dff6f151d04{color:rgb(255, 255, 255);}.ld_button_69dff6f151d04:hover{color:rgb(255, 255, 255);}<\/style><a href=\"\/de\/hotel-milano\/zimmer\/\" class=\"btn btn-default text-uppercase btn-lg btn-bordered border-thick ld_button_69dff6f151d04 vc_custom_1617188991381\">\n\t<span>\n\t\t\n\t\t\t\t\t<span class=\"btn-txt\">Schau dir die Zimmer an<\/span>\n\t\t\t\n\t\t\t\t<\/span>\n<\/a>\n[\/vc_column][\/vc_row]<\/p>\n","protected":false},"excerpt":{"rendered":"<p>[vc_row row_hide=&#8221;hidden-xs&#8221;][vc_column][vc_empty_space height=&#8221;100px&#8221;][\/vc_column][\/vc_row][vc_row full_width=&#8221;stretch_row&#8221; gap=&#8221;25&#8243; full_height=&#8221;yes&#8221; equal_height=&#8221;yes&#8221; content_placement=&#8221;middle&#8221; enable_loading_bg=&#8221;yes&#8221; bg_position=&#8221;center center&#8221; bg_attachment=&#8221;fixed&#8221; css=&#8221;.vc_custom_1615390320139{background-image: url(https:\/\/hotelmilanomiazzina.com\/wp-content\/uploads\/2021\/03\/home-hotel-ridotto.jpg?id=8390) !important;background-position:&#8230;<\/p>\n","protected":false},"author":1,"featured_media":0,"parent":0,"menu_order":0,"comment_status":"closed","ping_status":"open","template":"","meta":{"_links_to":"","_links_to_target":""},"yoast_head":"<!-- This site is optimized with the Yoast SEO plugin v16.1.1 - https:\/\/yoast.com\/wordpress\/plugins\/seo\/ -->\n<title>Milano Hotel | Zimmer und Apartments f\u00fcr den Urlaub in der Miazzina<\/title>\n<meta name=\"description\" content=\"Das Hotel Milano in der Miazzina bietet Zimmer und Apartments inmitten der Natur auf den H\u00f6hen des Lago Maggiore, nur wenige Schritte von Verbania und dem Val Grande entfernt.\" \/>\n<link rel=\"canonical\" href=\"https:\/\/hotelmilanomiazzina.com\/de\/hotel-milano\/\" \/>\n<meta property=\"og:locale\" content=\"de_DE\" \/>\n<meta property=\"og:type\" content=\"article\" \/>\n<meta property=\"og:title\" content=\"Milano Hotel | Zimmer und Apartments f\u00fcr den Urlaub in der Miazzina\" \/>\n<meta property=\"og:description\" content=\"Das Hotel Milano in der Miazzina bietet Zimmer und Apartments inmitten der Natur auf den H\u00f6hen des Lago Maggiore, nur wenige Schritte von Verbania und dem Val Grande entfernt.\" \/>\n<meta property=\"og:url\" content=\"https:\/\/hotelmilanomiazzina.com\/de\/hotel-milano\/\" \/>\n<meta property=\"og:site_name\" content=\"Hotel Milano Miazzina e Ristorante Carpinus\" \/>\n<meta property=\"article:modified_time\" content=\"2026-03-19T19:40:38+00:00\" \/>\n<meta property=\"og:image\" content=\"https:\/\/hotelmilanomiazzina.com\/wp-content\/uploads\/2021\/03\/icona-divertimenti-per-tutti.png\" \/>\n<meta name=\"twitter:card\" content=\"summary_large_image\" \/>\n<meta name=\"twitter:label1\" content=\"Gesch\u00e4tzte Lesezeit\">\n\t<meta name=\"twitter:data1\" content=\"5\u00a0Minuten\">\n<script type=\"application\/ld+json\" class=\"yoast-schema-graph\">{\"@context\":\"https:\/\/schema.org\",\"@graph\":[{\"@type\":\"WebSite\",\"@id\":\"https:\/\/hotelmilanomiazzina.com\/#website\",\"url\":\"https:\/\/hotelmilanomiazzina.com\/\",\"name\":\"Hotel Milano Miazzina e Ristorante Carpinus\",\"description\":\"\",\"potentialAction\":[{\"@type\":\"SearchAction\",\"target\":\"https:\/\/hotelmilanomiazzina.com\/?s={search_term_string}\",\"query-input\":\"required name=search_term_string\"}],\"inLanguage\":\"de\"},{\"@type\":\"ImageObject\",\"@id\":\"https:\/\/hotelmilanomiazzina.com\/de\/hotel-milano\/#primaryimage\",\"inLanguage\":\"de\",\"url\":\"https:\/\/hotelmilanomiazzina.com\/wp-content\/uploads\/2021\/03\/icona-divertimenti-per-tutti.png\",\"contentUrl\":\"https:\/\/hotelmilanomiazzina.com\/wp-content\/uploads\/2021\/03\/icona-divertimenti-per-tutti.png\",\"width\":150,\"height\":150},{\"@type\":\"WebPage\",\"@id\":\"https:\/\/hotelmilanomiazzina.com\/de\/hotel-milano\/#webpage\",\"url\":\"https:\/\/hotelmilanomiazzina.com\/de\/hotel-milano\/\",\"name\":\"Milano Hotel | Zimmer und Apartments f\\u00fcr den Urlaub in der Miazzina\",\"isPartOf\":{\"@id\":\"https:\/\/hotelmilanomiazzina.com\/#website\"},\"primaryImageOfPage\":{\"@id\":\"https:\/\/hotelmilanomiazzina.com\/de\/hotel-milano\/#primaryimage\"},\"datePublished\":\"2021-03-26T14:04:50+00:00\",\"dateModified\":\"2026-03-19T19:40:38+00:00\",\"description\":\"Das Hotel Milano in der Miazzina bietet Zimmer und Apartments inmitten der Natur auf den H\\u00f6hen des Lago Maggiore, nur wenige Schritte von Verbania und dem Val Grande entfernt.\",\"breadcrumb\":{\"@id\":\"https:\/\/hotelmilanomiazzina.com\/de\/hotel-milano\/#breadcrumb\"},\"inLanguage\":\"de\",\"potentialAction\":[{\"@type\":\"ReadAction\",\"target\":[\"https:\/\/hotelmilanomiazzina.com\/de\/hotel-milano\/\"]}]},{\"@type\":\"BreadcrumbList\",\"@id\":\"https:\/\/hotelmilanomiazzina.com\/de\/hotel-milano\/#breadcrumb\",\"itemListElement\":[{\"@type\":\"ListItem\",\"position\":1,\"item\":{\"@type\":\"WebPage\",\"@id\":\"https:\/\/hotelmilanomiazzina.com\/de\/\",\"url\":\"https:\/\/hotelmilanomiazzina.com\/de\/\",\"name\":\"Home\"}},{\"@type\":\"ListItem\",\"position\":2,\"item\":{\"@type\":\"WebPage\",\"@id\":\"https:\/\/hotelmilanomiazzina.com\/de\/hotel-milano\/\",\"url\":\"https:\/\/hotelmilanomiazzina.com\/de\/hotel-milano\/\",\"name\":\"Hotel Milano\"}}]}]}<\/script>\n<!-- \/ Yoast SEO plugin. -->","_links":{"self":[{"href":"https:\/\/hotelmilanomiazzina.com\/de\/wp-json\/wp\/v2\/pages\/8607"}],"collection":[{"href":"https:\/\/hotelmilanomiazzina.com\/de\/wp-json\/wp\/v2\/pages"}],"about":[{"href":"https:\/\/hotelmilanomiazzina.com\/de\/wp-json\/wp\/v2\/types\/page"}],"author":[{"embeddable":true,"href":"https:\/\/hotelmilanomiazzina.com\/de\/wp-json\/wp\/v2\/users\/1"}],"replies":[{"embeddable":true,"href":"https:\/\/hotelmilanomiazzina.com\/de\/wp-json\/wp\/v2\/comments?post=8607"}],"version-history":[{"count":11,"href":"https:\/\/hotelmilanomiazzina.com\/de\/wp-json\/wp\/v2\/pages\/8607\/revisions"}],"predecessor-version":[{"id":9724,"href":"https:\/\/hotelmilanomiazzina.com\/de\/wp-json\/wp\/v2\/pages\/8607\/revisions\/9724"}],"wp:attachment":[{"href":"https:\/\/hotelmilanomiazzina.com\/de\/wp-json\/wp\/v2\/media?parent=8607"}],"curies":[{"name":"wp","href":"https:\/\/api.w.org\/{rel}","templated":true}]}}