{"id":8632,"date":"2021-03-29T18:05:19","date_gmt":"2021-03-29T16:05:19","guid":{"rendered":"https:\/\/hotelmilanomiazzina.com\/hotel-milano\/ferienwohnungen\/"},"modified":"2026-03-19T21:21:21","modified_gmt":"2026-03-19T20:21:21","slug":"ferienwohnungen","status":"publish","type":"page","link":"https:\/\/hotelmilanomiazzina.com\/de\/hotel-milano\/ferienwohnungen\/","title":{"rendered":"Ferienwohnungen PRO"},"content":{"rendered":"<p>[vc_row row_hide=&#8221;hidden-xs&#8221;][vc_column][vc_empty_space height=&#8221;100px&#8221;][\/vc_column][\/vc_row][vc_row full_width=&#8221;stretch_row&#8221; gap=&#8221;25&#8243; full_height=&#8221;yes&#8221; equal_height=&#8221;yes&#8221; content_placement=&#8221;middle&#8221; enable_loading_bg=&#8221;yes&#8221; bg_position=&#8221;center center&#8221; bg_attachment=&#8221;fixed&#8221; css=&#8221;.vc_custom_1616427184127{background-image: url(https:\/\/hotelmilanomiazzina.com\/wp-content\/uploads\/2021\/03\/intro-appartamenti-hotemilano-miazzina-slider.jpg?id=8492) !important;background-position: 0 0 !important;background-repeat: no-repeat !important;}&#8221;][vc_column width=&#8221;1\/6&#8243; css=&#8221;.vc_custom_1583404925067{padding-top: 500px !important;padding-left: 20px !important;}&#8221; offset=&#8221;vc_hidden-xs&#8221;][\/vc_column][vc_column width=&#8221;2\/3&#8243;]<style>.ld_fancy_heading_69e9dfcee4513 h1{font-weight:700;color:rgb(255, 255, 255);}@media (min-width: 992px) { .ld_fancy_heading_69e9dfcee4513 h1 {margin-bottom:0.3em !important;  }  } .ld_fancy_heading_69e9dfcee4513 .lqd-highlight-inner{bottom:0px;}@media (min-width: 992px) { .ld_fancy_heading_69e9dfcee4513 h1 {margin-bottom:0.3em !important;  }  } <\/style><div class=\"ld-fancy-heading text-center ld_fancy_heading_69e9dfcee4513\">\n\t<h1 class=\"lqd-highlight-underline lqd-highlight-grow-left\" ><span class=\"ld-fh-txt\"> <span class=\"big2\">Ferienwohnungen<\/span><\/span><\/h1><\/div>[vc_empty_space height=&#8221;50px&#8221;][\/vc_column][vc_column width=&#8221;1\/6&#8243;][\/vc_column][\/vc_row][vc_row full_width=&#8221;stretch_row&#8221; gap=&#8221;0&#8243; css=&#8221;.vc_custom_1584455630156{padding-top: 150px !important;}&#8221; el_id=&#8221;scroll&#8221;][vc_column width=&#8221;1\/6&#8243;][\/vc_column][vc_column width=&#8221;5\/6&#8243;][vc_empty_space height=&#8221;50px&#8221;][vc_row_inner][vc_column_inner width=&#8221;1\/2&#8243; css=&#8221;.vc_custom_1583405183007{padding-right: 20px !important;padding-left: 20px !important;}&#8221;][vc_column_text el_class=&#8221;bianco&#8221;]<\/p>\n<h5 class=\"bianco\">Zwischen Komfort und Stil<\/h5>\n<p>[\/vc_column_text][vc_empty_space height=&#8221;30px&#8221;][vc_column_text el_class=&#8221;bianco&#8221;]<\/p>\n<h3 class=\"bianco\">Perfekt zum Entspannen<\/h3>\n<p>[\/vc_column_text][vc_empty_space height=&#8221;30px&#8221;][vc_column_text el_class=&#8221;bianco&#8221;]<span class=\"grande\"> Die Ferienwohnungen des Hotels Milano sind alle mit maximalem Stil eingerichtet und bieten maximalen Komfort. Miazzina ist eines der wenigen D\u00f6rfer in unseren T\u00e4lern es hat sein charakteristisches historisches Zentrum am besten erhalten. <\/span>[\/vc_column_text][vc_empty_space height=&#8221;30px&#8221;]<style>.ld_button_69e9dfcee4755{color:rgb(255, 255, 255);}<\/style><a href=\"https:\/\/booking.passepartout.cloud\/booking?oidPortale=12598&#038;lingua=de\" target=\"_blank\" class=\"btn btn-default text-uppercase btn-lg btn-bordered border-thick ld_button_69e9dfcee4755 vc_custom_1679399542025\">\n\t<span>\n\t\t\n\t\t\t\t\t<span class=\"btn-txt\">RESERVIEREN SIE<\/span>\n\t\t\t\n\t\t\t\t<\/span>\n<\/a>\n[\/vc_column_inner][vc_column_inner width=&#8221;1\/2&#8243; align=&#8221;text-right&#8221; offset=&#8221;vc_hidden-xs&#8221;][vc_single_image image=&#8221;8489&#8243; img_size=&#8221;full&#8221;][\/vc_column_inner][\/vc_row_inner][\/vc_column][\/vc_row][vc_row full_width=&#8221;stretch_row&#8221; gap=&#8221;0&#8243; css=&#8221;.vc_custom_1584460778299{margin-top: 200px !important;margin-bottom: 150px !important;}&#8221;][vc_column]<style>.ld_carousel_69e9dfcee4934 .carousel-item{padding-left:15px;padding-right:15px;}.ld_carousel_69e9dfcee4934 .carousel-items.row{margin-left:-15px;margin-right:-15px;}.ld_carousel_69e9dfcee4934 .flickity-page-dots{top:auto;right:auto;bottom:-25px;left:auto;}@media (min-width: 1200px) {.ld_carousel_69e9dfcee4934 .carousel-item { width:40% }}<\/style><div id=\"ld_carousel_69e9dfcee4934\" class=\"carousel-container carousel-nav-left carousel-nav-md carousel-dots-style1 ld_carousel_69e9dfcee4934\">\n\n\t<div class=\"carousel-items row\"  data-lqd-flickity='{\"cellAlign\":\"center\",\"prevNextButtons\":false,\"buttonsAppendTo\":\"self\",\"pageDots\":false,\"groupCells\":false,\"wrapAround\":true,\"autoPlay\":true,\"pauseAutoPlayOnHover\":true,\"randomVerOffset\":true}' >\n\t<p>[vc_single_image image=&#8221;8498&#8243; img_size=&#8221;full&#8221; add_caption=&#8221;yes&#8221; alignment=&#8221;center&#8221; onclick=&#8221;link_image&#8221;][vc_single_image image=&#8221;8501&#8243; img_size=&#8221;full&#8221; alignment=&#8221;center&#8221;][vc_single_image image=&#8221;8504&#8243; img_size=&#8221;full&#8221; alignment=&#8221;center&#8221;][vc_single_image image=&#8221;8510&#8243; img_size=&#8221;full&#8221; alignment=&#8221;center&#8221;][vc_single_image image=&#8221;8507&#8243; img_size=&#8221;full&#8221; alignment=&#8221;center&#8221;]<\/p>\n\t<\/div>\n\n<\/div>[\/vc_column][\/vc_row][vc_row full_width=&#8221;stretch_row&#8221; gap=&#8221;0&#8243; css=&#8221;.vc_custom_1586437077015{padding-top: 100px !important;padding-bottom: 100px !important;}&#8221; el_id=&#8221;menu&#8221;][vc_column width=&#8221;1\/6&#8243;][\/vc_column][vc_column width=&#8221;5\/6&#8243;][vc_row_inner][vc_column_inner width=&#8221;1\/2&#8243; css=&#8221;.vc_custom_1583405420904{padding-right: 30px !important;padding-bottom: 80px !important;padding-left: 30px !important;}&#8221;][vc_column_text el_class=&#8221;bianco&#8221;]<\/p>\n<h5 class=\"bianco\">Dienstleistungen<\/h5>\n<p>[\/vc_column_text][vc_empty_space height=&#8221;50px&#8221;]<style>.ld_icon_box_69e9dfcee4b2a .iconbox-icon-container{color:rgb(255, 255, 255);border-radius:px;}.ld_icon_box_69e9dfcee4b2a h3{color:rgb(255, 255, 255);margin-bottom:px;}<\/style>\n<div class=\"iconbox iconbox-side iconbox-xs iconbox-heading-sm iconbox-icon-image ld_icon_box_69e9dfcee4b2a\" id=\"ld_icon_box_69e9dfcee4b2a\"  data-plugin-options='{\"color\":\"rgb(255, 255, 255)\"}'  >\n\t\n\t\t<div class=\"iconbox-icon-wrap\"><span class=\"iconbox-icon-container\"><img src=\"https:\/\/hotelmilanomiazzina.com\/wp-content\/uploads\/2020\/04\/bagno.png\" class=\"liquid-image-icon\" \/><\/span><\/div><!-- \/.iconbox-icon-wrap -->\t\n\t\t\n\t\t\n\t<h3>Privates Badezimmer mit Dusche<\/h3>\t\t\t\n\t\t\n\t\n<\/div>\n<style>.ld_icon_box_69e9dfcee5038 .iconbox-icon-container{color:rgb(255, 255, 255);border-radius:px;}.ld_icon_box_69e9dfcee5038 h3{color:rgb(255, 255, 255);margin-bottom:px;}<\/style>\n<div class=\"iconbox iconbox-side iconbox-xs iconbox-heading-sm iconbox-icon-image ld_icon_box_69e9dfcee5038\" id=\"ld_icon_box_69e9dfcee5038\"  data-plugin-options='{\"color\":\"rgb(255, 255, 255)\"}'  >\n\t\n\t\t<div class=\"iconbox-icon-wrap\"><span class=\"iconbox-icon-container\"><img src=\"https:\/\/hotelmilanomiazzina.com\/wp-content\/uploads\/2020\/04\/asciugam.png\" class=\"liquid-image-icon\" \/><\/span><\/div><!-- \/.iconbox-icon-wrap -->\t\n\t\t\n\t\t\n\t<h3>Handt\u00fccher und Bettw\u00e4sche<\/h3>\t\t\t\n\t\t\n\t\n<\/div>\n<style>.ld_icon_box_69e9dfcee53a8 .iconbox-icon-container{color:rgb(255, 255, 255);border-radius:px;}.ld_icon_box_69e9dfcee53a8 h3{color:rgb(255, 255, 255);margin-bottom:px;}<\/style>\n<div class=\"iconbox iconbox-side iconbox-xs iconbox-heading-sm iconbox-icon-image ld_icon_box_69e9dfcee53a8\" id=\"ld_icon_box_69e9dfcee53a8\"  data-plugin-options='{\"color\":\"rgb(255, 255, 255)\"}'  >\n\t\n\t\t<div class=\"iconbox-icon-wrap\"><span class=\"iconbox-icon-container\"><img src=\"https:\/\/hotelmilanomiazzina.com\/wp-content\/uploads\/2020\/04\/hair.png\" class=\"liquid-image-icon\" \/><\/span><\/div><!-- \/.iconbox-icon-wrap -->\t\n\t\t\n\t\t\n\t<h3>F\u00f6n<\/h3>\t\t\t\n\t\t\n\t\n<\/div>\n<style>.ld_icon_box_69e9dfcee5680 .iconbox-icon-container{color:rgb(255, 255, 255);border-radius:px;}.ld_icon_box_69e9dfcee5680 h3{color:rgb(255, 255, 255);margin-bottom:px;}<\/style>\n<div class=\"iconbox iconbox-side iconbox-xs iconbox-heading-sm iconbox-icon-image ld_icon_box_69e9dfcee5680\" id=\"ld_icon_box_69e9dfcee5680\"  data-plugin-options='{\"color\":\"rgb(255, 255, 255)\"}'  >\n\t\n\t\t<div class=\"iconbox-icon-wrap\"><span class=\"iconbox-icon-container\"><img src=\"https:\/\/hotelmilanomiazzina.com\/wp-content\/uploads\/2020\/04\/guardaroba.png\" class=\"liquid-image-icon\" \/><\/span><\/div><!-- \/.iconbox-icon-wrap -->\t\n\t\t\n\t\t\n\t<h3>Kleiderschrank<\/h3>\t\t\t\n\t\t\n\t\n<\/div>\n<style>.ld_icon_box_69e9dfcee5936 .iconbox-icon-container{color:rgb(255, 255, 255);border-radius:px;}.ld_icon_box_69e9dfcee5936 h3{color:rgb(255, 255, 255);margin-bottom:px;}<\/style>\n<div class=\"iconbox iconbox-side iconbox-xs iconbox-heading-sm iconbox-icon-image ld_icon_box_69e9dfcee5936\" id=\"ld_icon_box_69e9dfcee5936\"  data-plugin-options='{\"color\":\"rgb(255, 255, 255)\"}'  >\n\t\n\t\t<div class=\"iconbox-icon-wrap\"><span class=\"iconbox-icon-container\"><img src=\"https:\/\/hotelmilanomiazzina.com\/wp-content\/uploads\/2020\/04\/pot.png\" class=\"liquid-image-icon\" \/><\/span><\/div><!-- \/.iconbox-icon-wrap -->\t\n\t\t\n\t\t\n\t<h3>Kochnische<\/h3>\t\t\t\n\t\t\n\t\n<\/div>\n<style>.ld_icon_box_69e9dfcee5bf4 .iconbox-icon-container{color:rgb(255, 255, 255);border-radius:px;}.ld_icon_box_69e9dfcee5bf4 h3{color:rgb(255, 255, 255);margin-bottom:px;}<\/style>\n<div class=\"iconbox iconbox-side iconbox-xs iconbox-heading-sm iconbox-icon-image ld_icon_box_69e9dfcee5bf4\" id=\"ld_icon_box_69e9dfcee5bf4\"  data-plugin-options='{\"color\":\"rgb(255, 255, 255)\"}'  >\n\t\n\t\t<div class=\"iconbox-icon-wrap\"><span class=\"iconbox-icon-container\"><img src=\"https:\/\/hotelmilanomiazzina.com\/wp-content\/uploads\/2020\/04\/wi.png\" class=\"liquid-image-icon\" \/><\/span><\/div><!-- \/.iconbox-icon-wrap -->\t\n\t\t\n\t\t\n\t<h3>Wi-Fi und Fernseher<\/h3>\t\t\t\n\t\t\n\t\n<\/div>\n<style>.ld_icon_box_69e9dfcee5e94 .iconbox-icon-container{color:rgb(255, 255, 255);border-radius:px;}.ld_icon_box_69e9dfcee5e94 h3{color:rgb(255, 255, 255);margin-bottom:px;}<\/style>\n<div class=\"iconbox iconbox-side iconbox-xs iconbox-heading-sm iconbox-icon-image ld_icon_box_69e9dfcee5e94\" id=\"ld_icon_box_69e9dfcee5e94\"  data-plugin-options='{\"color\":\"rgb(255, 255, 255)\"}'  >\n\t\n\t\t<div class=\"iconbox-icon-wrap\"><span class=\"iconbox-icon-container\"><img src=\"https:\/\/hotelmilanomiazzina.com\/wp-content\/uploads\/2020\/04\/juicea.png\" class=\"liquid-image-icon\" \/><\/span><\/div><!-- \/.iconbox-icon-wrap -->\t\n\t\t\n\t\t\n\t<h3>Mini bar<\/h3>\t\t\t\n\t\t\n\t\n<\/div>\n<style>.ld_icon_box_69e9dfcee6137 .iconbox-icon-container{color:rgb(255, 255, 255);border-radius:px;}.ld_icon_box_69e9dfcee6137 h3{color:rgb(255, 255, 255);margin-bottom:px;}<\/style>\n<div class=\"iconbox iconbox-side iconbox-xs iconbox-heading-sm iconbox-icon-image ld_icon_box_69e9dfcee6137\" id=\"ld_icon_box_69e9dfcee6137\"  data-plugin-options='{\"color\":\"rgb(255, 255, 255)\"}'  >\n\t\n\t\t<div class=\"iconbox-icon-wrap\"><span class=\"iconbox-icon-container\"><img src=\"https:\/\/hotelmilanomiazzina.com\/wp-content\/uploads\/2020\/04\/sun.png\" class=\"liquid-image-icon\" \/><\/span><\/div><!-- \/.iconbox-icon-wrap -->\t\n\t\t\n\t\t\n\t<h3>Terrasse mit Whirlpool im Freien (Wiederer\u00f6ffnung: Juni 2026)<\/h3>\t\t\t\n\t\t\n\t\n<\/div>\n<style>.ld_icon_box_69e9dfcee63d1 .iconbox-icon-container{color:rgb(255, 255, 255);border-radius:px;}.ld_icon_box_69e9dfcee63d1 h3{color:rgb(255, 255, 255);margin-bottom:px;}<\/style>\n<div class=\"iconbox iconbox-side iconbox-xs iconbox-heading-sm iconbox-icon-image ld_icon_box_69e9dfcee63d1\" id=\"ld_icon_box_69e9dfcee63d1\"  data-plugin-options='{\"color\":\"rgb(255, 255, 255)\"}'  >\n\t\n\t\t<div class=\"iconbox-icon-wrap\"><span class=\"iconbox-icon-container\"><img src=\"https:\/\/hotelmilanomiazzina.com\/wp-content\/uploads\/2021\/03\/icone-hotel-miazzina-milano-ricarica.png\" class=\"liquid-image-icon\" \/><\/span><\/div><!-- \/.iconbox-icon-wrap -->\t\n\t\t\n\t\t\n\t<h3>S\u00e4ule zum Laden von Elektroautobatterien<\/h3>\t\t\t\n\t\t\n\t\n<\/div>\n<style>.ld_icon_box_69e9dfcee6679 .iconbox-icon-container{color:rgb(255, 255, 255);border-radius:px;}.ld_icon_box_69e9dfcee6679 h3{color:rgb(255, 255, 255);margin-bottom:px;}<\/style>\n<div class=\"iconbox iconbox-side iconbox-xs iconbox-heading-sm iconbox-icon-image ld_icon_box_69e9dfcee6679\" id=\"ld_icon_box_69e9dfcee6679\"  data-plugin-options='{\"color\":\"rgb(255, 255, 255)\"}'  >\n\t\n\t\t<div class=\"iconbox-icon-wrap\"><span class=\"iconbox-icon-container\"><img src=\"https:\/\/hotelmilanomiazzina.com\/wp-content\/uploads\/2020\/04\/ddog.png\" class=\"liquid-image-icon\" \/><\/span><\/div><!-- \/.iconbox-icon-wrap -->\t\n\t\t\n\t\t\n\t<h3>Haustiere erlaubt<\/h3>\t\t\t\n\t\t\n\t\n<\/div>\n<style>.ld_icon_box_69e9dfcee691c .iconbox-icon-container{color:rgb(255, 255, 255);border-radius:px;}.ld_icon_box_69e9dfcee691c h3{color:rgb(255, 255, 255);margin-bottom:px;}<\/style>\n<div class=\"iconbox iconbox-side iconbox-xs iconbox-heading-sm iconbox-icon-image ld_icon_box_69e9dfcee691c\" id=\"ld_icon_box_69e9dfcee691c\"  data-plugin-options='{\"color\":\"rgb(255, 255, 255)\"}'  >\n\t\n\t\t<div class=\"iconbox-icon-wrap\"><span class=\"iconbox-icon-container\"><img src=\"https:\/\/hotelmilanomiazzina.com\/wp-content\/uploads\/2021\/03\/icone-hotel-miazzina-milano-disabili.png\" class=\"liquid-image-icon\" \/><\/span><\/div><!-- \/.iconbox-icon-wrap -->\t\n\t\t\n\t\t\n\t<h3>Zug\u00e4ngliche Umgebung<\/h3>\t\t\t\n\t\t\n\t\n<\/div>\n[vc_column_text el_class=&#8221;bianco&#8221;](Desinfektionsmittelspender und t\u00e4glich sanierte Umgebungen)[\/vc_column_text][\/vc_column_inner][vc_column_inner width=&#8221;1\/2&#8243; align=&#8221;text-right&#8221;][vc_single_image image=&#8221;8486&#8243; img_size=&#8221;full&#8221;][\/vc_column_inner][\/vc_row_inner][\/vc_column][\/vc_row][vc_row full_width=&#8221;stretch_row&#8221; gap=&#8221;0&#8243; content_placement=&#8221;middle&#8221; css=&#8221;.vc_custom_1585748458627{padding-top: 100px !important;padding-bottom: 100px !important;}&#8221; el_id=&#8221;prenota&#8221;][vc_column width=&#8221;1\/6&#8243;][\/vc_column][vc_column width=&#8221;5\/6&#8243;][vc_row_inner][vc_column_inner width=&#8221;1\/2&#8243; css=&#8221;.vc_custom_1583405420904{padding-right: 30px !important;padding-bottom: 80px !important;padding-left: 30px !important;}&#8221;][vc_separator color=&#8221;white&#8221; align=&#8221;align_left&#8221; border_width=&#8221;3&#8243; el_width=&#8221;10&#8243;][vc_column_text el_class=&#8221;bianco&#8221;]<\/p>\n<h3 class=\"bianco\">Reservieren<br \/>\nsie<\/h3>\n<p>[\/vc_column_text][vc_empty_space height=&#8221;30px&#8221;][vc_column_text el_class=&#8221;bianco&#8221;]<span class=\"grande\">Buchen Sie Ihre Aufenthalt am Lago Maggiore im Hotel Milano in Miazzina.<\/span><\/p>\n<p><strong data-start=\"205\" data-end=\"255\">Check-in: von 14:30 bis 20:30 Uhr (Anreisetag)<\/strong><br data-start=\"255\" data-end=\"258\" \/><strong data-start=\"261\" data-end=\"312\">Check-out: von 07:30 bis 10:00 Uhr (Abreisetag)<\/strong>[\/vc_column_text][vc_empty_space height=&#8221;30px&#8221;]<style>.ld_button_69e9dfcee6bcc{color:rgb(255, 255, 255);}<\/style><a href=\"https:\/\/booking.passepartout.cloud\/booking?oidPortale=12598&#038;lingua=de\" target=\"_blank\" class=\"btn btn-default text-uppercase btn-lg btn-bordered border-thick ld_button_69e9dfcee6bcc vc_custom_1679399552813\">\n\t<span>\n\t\t\n\t\t\t\t\t<span class=\"btn-txt\">Finde mehr heraus<\/span>\n\t\t\t\n\t\t\t\t<\/span>\n<\/a>\n[vc_empty_space height=&#8221;30px&#8221;][vc_column_text el_class=&#8221;bianco&#8221;][\/vc_column_text][vc_empty_space height=&#8221;80px&#8221;][\/vc_column_inner][vc_column_inner width=&#8221;1\/2&#8243; align=&#8221;text-right&#8221;][vc_single_image image=&#8221;8495&#8243; img_size=&#8221;full&#8221;][\/vc_column_inner][\/vc_row_inner][\/vc_column][\/vc_row]<\/p>\n","protected":false},"excerpt":{"rendered":"<p>[vc_row row_hide=&#8221;hidden-xs&#8221;][vc_column][vc_empty_space height=&#8221;100px&#8221;][\/vc_column][\/vc_row][vc_row full_width=&#8221;stretch_row&#8221; gap=&#8221;25&#8243; full_height=&#8221;yes&#8221; equal_height=&#8221;yes&#8221; content_placement=&#8221;middle&#8221; enable_loading_bg=&#8221;yes&#8221; bg_position=&#8221;center center&#8221; bg_attachment=&#8221;fixed&#8221; css=&#8221;.vc_custom_1616427184127{background-image: url(https:\/\/hotelmilanomiazzina.com\/wp-content\/uploads\/2021\/03\/intro-appartamenti-hotemilano-miazzina-slider.jpg?id=8492) !important;background-position:&#8230;<\/p>\n","protected":false},"author":1,"featured_media":0,"parent":8607,"menu_order":0,"comment_status":"closed","ping_status":"open","template":"","meta":{"_links_to":"","_links_to_target":""},"yoast_head":"<!-- This site is optimized with the Yoast SEO plugin v16.1.1 - https:\/\/yoast.com\/wordpress\/plugins\/seo\/ -->\n<title>Ferienwohnungen in Miazzina Lago Maggiore | Mail\u00e4nder Hotels<\/title>\n<meta name=\"description\" content=\"Suchen Sie ein Ferienhaus in Miazzina auf den H\u00f6hen des Lago Maggiore? Die neuen Selbstversorger-Apartments des Hotel Milano sind die L\u00f6sung f\u00fcr Sie!\" \/>\n<link rel=\"canonical\" href=\"https:\/\/hotelmilanomiazzina.com\/de\/hotel-milano\/ferienwohnungen\/\" \/>\n<meta property=\"og:locale\" content=\"de_DE\" \/>\n<meta property=\"og:type\" content=\"article\" \/>\n<meta property=\"og:title\" content=\"Ferienwohnungen in Miazzina Lago Maggiore | Mail\u00e4nder Hotels\" \/>\n<meta property=\"og:description\" content=\"Suchen Sie ein Ferienhaus in Miazzina auf den H\u00f6hen des Lago Maggiore? Die neuen Selbstversorger-Apartments des Hotel Milano sind die L\u00f6sung f\u00fcr Sie!\" \/>\n<meta property=\"og:url\" content=\"https:\/\/hotelmilanomiazzina.com\/de\/hotel-milano\/ferienwohnungen\/\" \/>\n<meta property=\"og:site_name\" content=\"Hotel Milano Miazzina e Ristorante Carpinus\" \/>\n<meta property=\"article:modified_time\" content=\"2026-03-19T20:21:21+00:00\" \/>\n<meta name=\"twitter:card\" content=\"summary_large_image\" \/>\n<meta name=\"twitter:label1\" content=\"Gesch\u00e4tzte Lesezeit\">\n\t<meta name=\"twitter:data1\" content=\"3\u00a0Minuten\">\n<script type=\"application\/ld+json\" class=\"yoast-schema-graph\">{\"@context\":\"https:\/\/schema.org\",\"@graph\":[{\"@type\":\"WebSite\",\"@id\":\"https:\/\/hotelmilanomiazzina.com\/#website\",\"url\":\"https:\/\/hotelmilanomiazzina.com\/\",\"name\":\"Hotel Milano Miazzina e Ristorante Carpinus\",\"description\":\"\",\"potentialAction\":[{\"@type\":\"SearchAction\",\"target\":\"https:\/\/hotelmilanomiazzina.com\/?s={search_term_string}\",\"query-input\":\"required name=search_term_string\"}],\"inLanguage\":\"de\"},{\"@type\":\"WebPage\",\"@id\":\"https:\/\/hotelmilanomiazzina.com\/de\/hotel-milano\/ferienwohnungen\/#webpage\",\"url\":\"https:\/\/hotelmilanomiazzina.com\/de\/hotel-milano\/ferienwohnungen\/\",\"name\":\"Ferienwohnungen in Miazzina Lago Maggiore | Mail\\u00e4nder Hotels\",\"isPartOf\":{\"@id\":\"https:\/\/hotelmilanomiazzina.com\/#website\"},\"datePublished\":\"2021-03-29T16:05:19+00:00\",\"dateModified\":\"2026-03-19T20:21:21+00:00\",\"description\":\"Suchen Sie ein Ferienhaus in Miazzina auf den H\\u00f6hen des Lago Maggiore? Die neuen Selbstversorger-Apartments des Hotel Milano sind die L\\u00f6sung f\\u00fcr Sie!\",\"breadcrumb\":{\"@id\":\"https:\/\/hotelmilanomiazzina.com\/de\/hotel-milano\/ferienwohnungen\/#breadcrumb\"},\"inLanguage\":\"de\",\"potentialAction\":[{\"@type\":\"ReadAction\",\"target\":[\"https:\/\/hotelmilanomiazzina.com\/de\/hotel-milano\/ferienwohnungen\/\"]}]},{\"@type\":\"BreadcrumbList\",\"@id\":\"https:\/\/hotelmilanomiazzina.com\/de\/hotel-milano\/ferienwohnungen\/#breadcrumb\",\"itemListElement\":[{\"@type\":\"ListItem\",\"position\":1,\"item\":{\"@type\":\"WebPage\",\"@id\":\"https:\/\/hotelmilanomiazzina.com\/de\/\",\"url\":\"https:\/\/hotelmilanomiazzina.com\/de\/\",\"name\":\"Home\"}},{\"@type\":\"ListItem\",\"position\":2,\"item\":{\"@type\":\"WebPage\",\"@id\":\"https:\/\/hotelmilanomiazzina.com\/de\/hotel-milano\/\",\"url\":\"https:\/\/hotelmilanomiazzina.com\/de\/hotel-milano\/\",\"name\":\"Hotel Milano\"}},{\"@type\":\"ListItem\",\"position\":3,\"item\":{\"@type\":\"WebPage\",\"@id\":\"https:\/\/hotelmilanomiazzina.com\/de\/hotel-milano\/ferienwohnungen\/\",\"url\":\"https:\/\/hotelmilanomiazzina.com\/de\/hotel-milano\/ferienwohnungen\/\",\"name\":\"Ferienwohnungen PRO\"}}]}]}<\/script>\n<!-- \/ Yoast SEO plugin. -->","_links":{"self":[{"href":"https:\/\/hotelmilanomiazzina.com\/de\/wp-json\/wp\/v2\/pages\/8632"}],"collection":[{"href":"https:\/\/hotelmilanomiazzina.com\/de\/wp-json\/wp\/v2\/pages"}],"about":[{"href":"https:\/\/hotelmilanomiazzina.com\/de\/wp-json\/wp\/v2\/types\/page"}],"author":[{"embeddable":true,"href":"https:\/\/hotelmilanomiazzina.com\/de\/wp-json\/wp\/v2\/users\/1"}],"replies":[{"embeddable":true,"href":"https:\/\/hotelmilanomiazzina.com\/de\/wp-json\/wp\/v2\/comments?post=8632"}],"version-history":[{"count":18,"href":"https:\/\/hotelmilanomiazzina.com\/de\/wp-json\/wp\/v2\/pages\/8632\/revisions"}],"predecessor-version":[{"id":9738,"href":"https:\/\/hotelmilanomiazzina.com\/de\/wp-json\/wp\/v2\/pages\/8632\/revisions\/9738"}],"up":[{"embeddable":true,"href":"https:\/\/hotelmilanomiazzina.com\/de\/wp-json\/wp\/v2\/pages\/8607"}],"wp:attachment":[{"href":"https:\/\/hotelmilanomiazzina.com\/de\/wp-json\/wp\/v2\/media?parent=8632"}],"curies":[{"name":"wp","href":"https:\/\/api.w.org\/{rel}","templated":true}]}}