{"id":8644,"date":"2021-03-31T10:20:47","date_gmt":"2021-03-31T08:20:47","guid":{"rendered":"https:\/\/hotelmilanomiazzina.com\/hotel-milano\/dienstleistungen\/"},"modified":"2025-11-06T19:57:44","modified_gmt":"2025-11-06T18:57:44","slug":"dienstleistungen","status":"publish","type":"page","link":"https:\/\/hotelmilanomiazzina.com\/de\/hotel-milano\/dienstleistungen\/","title":{"rendered":"Dienstleistungen"},"content":{"rendered":"<p>[vc_row row_hide=&#8221;hidden-xs&#8221;][vc_column][vc_empty_space height=&#8221;230px&#8221;]<style>.ld_fancy_heading_69f31a63dfcaf h1{font-weight:700;color:rgb(255, 255, 255);}@media (min-width: 992px) { .ld_fancy_heading_69f31a63dfcaf h1 {margin-bottom:0.3em !important;  }  } .ld_fancy_heading_69f31a63dfcaf .lqd-highlight-inner{bottom:0px;}@media (min-width: 992px) { .ld_fancy_heading_69f31a63dfcaf h1 {margin-bottom:0.3em !important;  }  } <\/style><div class=\"ld-fancy-heading text-center ld_fancy_heading_69f31a63dfcaf\">\n\t<h1 class=\"lqd-highlight-underline lqd-highlight-grow-left\" ><span class=\"ld-fh-txt\"> <\/p>\n<p><span class=\"big2\">Service<\/span><\/p>\n<p><\/span><\/h1><\/div>[\/vc_column][\/vc_row][vc_row full_width=&#8221;stretch_row&#8221; gap=&#8221;0&#8243; css=&#8221;.vc_custom_1583424906085{padding-top: 100px !important;padding-bottom: 100px !important;}&#8221; el_id=&#8221;menu&#8221;][vc_column width=&#8221;1\/6&#8243;][\/vc_column][vc_column width=&#8221;5\/6&#8243;][vc_row_inner][vc_column_inner width=&#8221;1\/2&#8243; css=&#8221;.vc_custom_1583405420904{padding-right: 30px !important;padding-bottom: 80px !important;padding-left: 30px !important;}&#8221;][vc_empty_space height=&#8221;50px&#8221;][vc_column_text el_class=&#8221;bianco&#8221;]<\/p>\n<h5 class=\"bianco\">Die Annehmlichkeiten unserer Unterk\u00fcnfte<\/h5>\n<p>[\/vc_column_text][vc_empty_space height=&#8221;50px&#8221;]<style>.ld_icon_box_69f31a63dffa3 .iconbox-icon-container{color:rgb(255, 255, 255);border-radius:px;}.ld_icon_box_69f31a63dffa3 h3{color:rgb(255, 255, 255);margin-bottom:px;}<\/style>\n<div class=\"iconbox iconbox-side iconbox-xs iconbox-heading-sm iconbox-icon-image ld_icon_box_69f31a63dffa3\" id=\"ld_icon_box_69f31a63dffa3\"  data-plugin-options='{\"color\":\"rgb(255, 255, 255)\"}'  >\n\t\n\t\t<div class=\"iconbox-icon-wrap\"><span class=\"iconbox-icon-container\"><img src=\"https:\/\/hotelmilanomiazzina.com\/wp-content\/uploads\/2020\/04\/bagno.png\" class=\"liquid-image-icon\" \/><\/span><\/div><!-- \/.iconbox-icon-wrap -->\t\n\t\t\n\t\t\n\t<h3>Privates Badezimmer mit Dusche<\/h3>\t\t\t\n\t\t\n\t\n<\/div>\n<style>.ld_icon_box_69f31a63e0302 .iconbox-icon-container{color:rgb(255, 255, 255);border-radius:px;}.ld_icon_box_69f31a63e0302 h3{color:rgb(255, 255, 255);margin-bottom:px;}<\/style>\n<div class=\"iconbox iconbox-side iconbox-xs iconbox-heading-sm iconbox-icon-image ld_icon_box_69f31a63e0302\" id=\"ld_icon_box_69f31a63e0302\"  data-plugin-options='{\"color\":\"rgb(255, 255, 255)\"}'  >\n\t\n\t\t<div class=\"iconbox-icon-wrap\"><span class=\"iconbox-icon-container\"><img src=\"https:\/\/hotelmilanomiazzina.com\/wp-content\/uploads\/2020\/04\/asciugam.png\" class=\"liquid-image-icon\" \/><\/span><\/div><!-- \/.iconbox-icon-wrap -->\t\n\t\t\n\t\t\n\t<h3>Handt\u00fccher und Bettw\u00e4sche<\/h3>\t\t\t\n\t\t\n\t\n<\/div>\n<style>.ld_icon_box_69f31a63e05aa .iconbox-icon-container{color:rgb(255, 255, 255);border-radius:px;}.ld_icon_box_69f31a63e05aa h3{color:rgb(255, 255, 255);margin-bottom:px;}<\/style>\n<div class=\"iconbox iconbox-side iconbox-xs iconbox-heading-sm iconbox-icon-image ld_icon_box_69f31a63e05aa\" id=\"ld_icon_box_69f31a63e05aa\"  data-plugin-options='{\"color\":\"rgb(255, 255, 255)\"}'  >\n\t\n\t\t<div class=\"iconbox-icon-wrap\"><span class=\"iconbox-icon-container\"><img src=\"https:\/\/hotelmilanomiazzina.com\/wp-content\/uploads\/2020\/04\/hair.png\" class=\"liquid-image-icon\" \/><\/span><\/div><!-- \/.iconbox-icon-wrap -->\t\n\t\t\n\t\t\n\t<h3>F\u00f6n<\/h3>\t\t\t\n\t\t\n\t\n<\/div>\n<style>.ld_icon_box_69f31a63e0887 .iconbox-icon-container{color:rgb(255, 255, 255);border-radius:px;}.ld_icon_box_69f31a63e0887 h3{color:rgb(255, 255, 255);margin-bottom:px;}<\/style>\n<div class=\"iconbox iconbox-side iconbox-xs iconbox-heading-sm iconbox-icon-image ld_icon_box_69f31a63e0887\" id=\"ld_icon_box_69f31a63e0887\"  data-plugin-options='{\"color\":\"rgb(255, 255, 255)\"}'  >\n\t\n\t\t<div class=\"iconbox-icon-wrap\"><span class=\"iconbox-icon-container\"><img src=\"https:\/\/hotelmilanomiazzina.com\/wp-content\/uploads\/2020\/04\/guardaroba.png\" class=\"liquid-image-icon\" \/><\/span><\/div><!-- \/.iconbox-icon-wrap -->\t\n\t\t\n\t\t\n\t<h3>Kleiderschrank<\/h3>\t\t\t\n\t\t\n\t\n<\/div>\n<style>.ld_icon_box_69f31a63e0b45 .iconbox-icon-container{color:rgb(255, 255, 255);border-radius:px;}.ld_icon_box_69f31a63e0b45 h3{color:rgb(255, 255, 255);margin-bottom:px;}<\/style>\n<div class=\"iconbox iconbox-side iconbox-xs iconbox-heading-sm iconbox-icon-image ld_icon_box_69f31a63e0b45\" id=\"ld_icon_box_69f31a63e0b45\"  data-plugin-options='{\"color\":\"rgb(255, 255, 255)\"}'  >\n\t\n\t\t<div class=\"iconbox-icon-wrap\"><span class=\"iconbox-icon-container\"><img src=\"https:\/\/hotelmilanomiazzina.com\/wp-content\/uploads\/2020\/04\/wi.png\" class=\"liquid-image-icon\" \/><\/span><\/div><!-- \/.iconbox-icon-wrap -->\t\n\t\t\n\t\t\n\t<h3>Wi-Fi und Fernseher<\/h3>\t\t\t\n\t\t\n\t\n<\/div>\n<style>.ld_icon_box_69f31a63e0e0e .iconbox-icon-container{color:rgb(255, 255, 255);border-radius:px;}.ld_icon_box_69f31a63e0e0e h3{color:rgb(255, 255, 255);margin-bottom:px;}<\/style>\n<div class=\"iconbox iconbox-side iconbox-xs iconbox-heading-sm iconbox-icon-image ld_icon_box_69f31a63e0e0e\" id=\"ld_icon_box_69f31a63e0e0e\"  data-plugin-options='{\"color\":\"rgb(255, 255, 255)\"}'  >\n\t\n\t\t<div class=\"iconbox-icon-wrap\"><span class=\"iconbox-icon-container\"><img src=\"https:\/\/hotelmilanomiazzina.com\/wp-content\/uploads\/2020\/04\/pot.png\" class=\"liquid-image-icon\" \/><\/span><\/div><!-- \/.iconbox-icon-wrap -->\t\n\t\t\n\t\t\n\t<h3>Kochnische (nur in den Wohnungen)<\/h3>\t\t\t\n\t\t\n\t\n<\/div>\n<style>.ld_icon_box_69f31a63e10a6 .iconbox-icon-container{color:rgb(255, 255, 255);border-radius:px;}.ld_icon_box_69f31a63e10a6 h3{color:rgb(255, 255, 255);margin-bottom:px;}<\/style>\n<div class=\"iconbox iconbox-side iconbox-xs iconbox-heading-sm iconbox-icon-image ld_icon_box_69f31a63e10a6\" id=\"ld_icon_box_69f31a63e10a6\"  data-plugin-options='{\"color\":\"rgb(255, 255, 255)\"}'  >\n\t\n\t\t<div class=\"iconbox-icon-wrap\"><span class=\"iconbox-icon-container\"><img src=\"https:\/\/hotelmilanomiazzina.com\/wp-content\/uploads\/2020\/04\/juicea.png\" class=\"liquid-image-icon\" \/><\/span><\/div><!-- \/.iconbox-icon-wrap -->\t\n\t\t\n\t\t\n\t<h3>Mini bar<\/h3>\t\t\t\n\t\t\n\t\n<\/div>\n<style>.ld_icon_box_69f31a63e1338 .iconbox-icon-container{color:rgb(255, 255, 255);border-radius:px;}.ld_icon_box_69f31a63e1338 h3{color:rgb(255, 255, 255);margin-bottom:px;}<\/style>\n<div class=\"iconbox iconbox-side iconbox-xs iconbox-heading-sm iconbox-icon-image ld_icon_box_69f31a63e1338\" id=\"ld_icon_box_69f31a63e1338\"  data-plugin-options='{\"color\":\"rgb(255, 255, 255)\"}'  >\n\t\n\t\t<div class=\"iconbox-icon-wrap\"><span class=\"iconbox-icon-container\"><img src=\"https:\/\/hotelmilanomiazzina.com\/wp-content\/uploads\/2020\/04\/sun.png\" class=\"liquid-image-icon\" \/><\/span><\/div><!-- \/.iconbox-icon-wrap -->\t\n\t\t\n\t\t\n\t<h3>Terrasse mit Whirlpool im Freien (Wiederer\u00f6ffnung: Juni 2026)<\/h3>\t\t\t\n\t\t\n\t\n<\/div>\n<style>.ld_icon_box_69f31a63e15c6 .iconbox-icon-container{color:rgb(255, 255, 255);border-radius:px;}.ld_icon_box_69f31a63e15c6 h3{color:rgb(255, 255, 255);margin-bottom:px;}<\/style>\n<div class=\"iconbox iconbox-side iconbox-xs iconbox-heading-sm iconbox-icon-image ld_icon_box_69f31a63e15c6\" id=\"ld_icon_box_69f31a63e15c6\"  data-plugin-options='{\"color\":\"rgb(255, 255, 255)\"}'  >\n\t\n\t\t<div class=\"iconbox-icon-wrap\"><span class=\"iconbox-icon-container\"><img src=\"https:\/\/hotelmilanomiazzina.com\/wp-content\/uploads\/2021\/03\/icone-hotel-miazzina-milano-ricarica.png\" class=\"liquid-image-icon\" \/><\/span><\/div><!-- \/.iconbox-icon-wrap -->\t\n\t\t\n\t\t\n\t<h3>S\u00e4ule zum Laden von Elektroautobatterien<\/h3>\t\t\t\n\t\t\n\t\n<\/div>\n<style>.ld_icon_box_69f31a63e185a .iconbox-icon-container{color:rgb(255, 255, 255);border-radius:px;}.ld_icon_box_69f31a63e185a h3{color:rgb(255, 255, 255);margin-bottom:px;}<\/style>\n<div class=\"iconbox iconbox-side iconbox-xs iconbox-heading-sm iconbox-icon-image ld_icon_box_69f31a63e185a\" id=\"ld_icon_box_69f31a63e185a\"  data-plugin-options='{\"color\":\"rgb(255, 255, 255)\"}'  >\n\t\n\t\t<div class=\"iconbox-icon-wrap\"><span class=\"iconbox-icon-container\"><img src=\"https:\/\/hotelmilanomiazzina.com\/wp-content\/uploads\/2020\/04\/ddog.png\" class=\"liquid-image-icon\" \/><\/span><\/div><!-- \/.iconbox-icon-wrap -->\t\n\t\t\n\t\t\n\t<h3>Haustiere erlaubt<\/h3>\t\t\t\n\t\t\n\t\n<\/div>\n<style>.ld_icon_box_69f31a63e1b4e .iconbox-icon-container{color:rgb(255, 255, 255);border-radius:px;}.ld_icon_box_69f31a63e1b4e h3{color:rgb(255, 255, 255);margin-bottom:px;}<\/style>\n<div class=\"iconbox iconbox-side iconbox-xs iconbox-heading-sm iconbox-icon-image ld_icon_box_69f31a63e1b4e\" id=\"ld_icon_box_69f31a63e1b4e\"  data-plugin-options='{\"color\":\"rgb(255, 255, 255)\"}'  >\n\t\n\t\t<div class=\"iconbox-icon-wrap\"><span class=\"iconbox-icon-container\"><img src=\"https:\/\/hotelmilanomiazzina.com\/wp-content\/uploads\/2021\/03\/icone-hotel-miazzina-milano-disabili.png\" class=\"liquid-image-icon\" \/><\/span><\/div><!-- \/.iconbox-icon-wrap -->\t\n\t\t\n\t\t\n\t<h3>Zug\u00e4ngliche Umgebung<\/h3>\t\t\t\n\t\t\n\t\n<\/div>\n[vc_column_text el_class=&#8221;bianco&#8221;](Desinfektionsmittelspender und t\u00e4glich sanierte Umgebungen)[\/vc_column_text][\/vc_column_inner][vc_column_inner width=&#8221;1\/2&#8243; align=&#8221;text-right&#8221;][vc_single_image image=&#8221;8480&#8243; img_size=&#8221;full&#8221;][\/vc_column_inner][\/vc_row_inner][\/vc_column][\/vc_row][vc_row full_width=&#8221;stretch_row&#8221; gap=&#8221;0&#8243; content_placement=&#8221;middle&#8221; css=&#8221;.vc_custom_1586437685990{padding-bottom: 100px !important;}&#8221;][vc_column width=&#8221;5\/6&#8243;][vc_row_inner content_placement=&#8221;middle&#8221;][vc_column_inner width=&#8221;1\/2&#8243; align=&#8221;text-right&#8221;][vc_single_image image=&#8221;8175&#8243; img_size=&#8221;full&#8221;][\/vc_column_inner][vc_column_inner width=&#8221;1\/2&#8243; css=&#8221;.vc_custom_1583410119790{padding-top: 50px !important;padding-right: 20px !important;padding-bottom: 50px !important;padding-left: 30px !important;}&#8221; responsive_css=&#8221;padding_left_large:60px&#8221;][vc_column_text el_class=&#8221;bianco&#8221;]<\/p>\n<h5 class=\"bianco\">Fr\u00fchst\u00fccks- und Barservice<\/h5>\n<p>[\/vc_column_text][vc_empty_space height=&#8221;30px&#8221;][vc_column_text el_class=&#8221;bianco&#8221;]Der Fr\u00fchst\u00fccksservice ist t\u00e4glich von 7:30 bis 10:00 Uhr verf\u00fcgbar. Die Bar des Restaurants ist von 7:30 bis 13:00 Uhr und von 16:00 bis 22:30 Uhr ge\u00f6ffnet, auch f\u00fcr externe G\u00e4ste, t\u00e4glich au\u00dfer dienstags.[\/vc_column_text][vc_empty_space height=&#8221;50px&#8221;][vc_column_text el_class=&#8221;bianco&#8221;]<\/p>\n<h5 class=\"bianco\">Carpinus Restaurant<\/h5>\n<p>[\/vc_column_text][vc_empty_space height=&#8221;30px&#8221;][vc_column_text el_class=&#8221;bianco&#8221;]<span class=\"grande\">Der Stolz des Hotels Milano: Kunst ist im Carpinus Restaurant zu Hause!<br \/>\nJeder Kurs und jede einzelne Komponente hat ihren eigenen Stil und ihre eigene Inspiration. Das Men\u00fc \u00e4ndert sich mit dem Wechsel der Jahreszeiten und der Verf\u00fcgbarkeit der frischesten Rohstoffe.<br \/>\n<\/span>[\/vc_column_text][vc_empty_space height=&#8221;50px&#8221;][vc_column_text el_class=&#8221;bianco&#8221;]<\/p>\n<h5 class=\"bianco\">Wellness und Entspannung<\/h5>\n<p>[\/vc_column_text][vc_empty_space height=&#8221;30px&#8221;][vc_column_text el_class=&#8221;bianco&#8221;]<span class=\"grande\">Den G\u00e4sten stehen eine Terrasse mit Jacuzzi zur Verf\u00fcgung, um Ihren Aufenthalt in Ihrer Zuflucht zwischen den Bergen und dem See zu genie\u00dfen!<\/span>[\/vc_column_text][vc_empty_space height=&#8221;50px&#8221;]<style>.ld_button_69f31a63e1e27{color:rgb(255, 255, 255);}<\/style><a href=\"\/de\/kontakte\/\" target=\"_blank\" class=\"btn btn-default text-uppercase btn-lg btn-bordered border-thick ld_button_69f31a63e1e27 vc_custom_1617368161171\">\n\t<span>\n\t\t\n\t\t\t\t\t<span class=\"btn-txt\">Kontaktieren Sie uns f\u00fcr weitere Informationen<\/span>\n\t\t\t\n\t\t\t\t<\/span>\n<\/a>\n[\/vc_column_inner][\/vc_row_inner][\/vc_column][vc_column width=&#8221;1\/6&#8243;][\/vc_column][\/vc_row][vc_row enable_content_animation=&#8221;yes&#8221; ca_init_scale_x=&#8221;1&#8243; ca_init_scale_y=&#8221;1&#8243; ca_init_scale_z=&#8221;1&#8243; ca_init_opacity=&#8221;0&#8243; ca_an_scale_x=&#8221;1&#8243; ca_an_scale_y=&#8221;1&#8243; ca_an_scale_z=&#8221;1&#8243; ca_an_opacity=&#8221;1&#8243; css=&#8221;.vc_custom_1584543642088{padding-top: 30px !important;padding-bottom: 110px !important;}&#8221; ca_duration=&#8221;1200&#8243; ca_delay=&#8221;150&#8243; ca_init_translate_y=&#8221;60&#8243;][vc_column offset=&#8221;vc_col-md-4&#8243; css=&#8221;.vc_custom_1531990580962{padding-right: 20% !important;padding-left: 15% !important;}&#8221;][vc_column_text el_class=&#8221;bianco&#8221; css=&#8221;.vc_custom_1615368030009{margin-bottom: 0px !important;padding-bottom: 0px !important;}&#8221;]<img loading=\"lazy\" class=\"alignnone size-full wp-image-7682\" src=\"https:\/\/hotelmilanomiazzina.com\/wp-content\/uploads\/2021\/03\/icona-servizio-di-reception.png\" alt=\"\" width=\"100\" height=\"130\" \/>[\/vc_column_text][vc_empty_space height=&#8221;25px&#8221;][vc_column_text el_class=&#8221;bianco&#8221; css=&#8221;.vc_custom_1583492897240{padding-top: 10px !important;padding-bottom: 20px !important;}&#8221;]<\/p>\n<h4>Reception<\/h4>\n<p>[\/vc_column_text][vc_empty_space height=&#8221;25px&#8221;][vc_separator color=&#8221;custom&#8221; align=&#8221;align_left&#8221; border_width=&#8221;4&#8243; el_width=&#8221;40&#8243; accent_color=&#8221;#ffffff&#8221; css=&#8221;.vc_custom_1583319350017{margin-bottom: 25px !important;}&#8221;][vc_column_text el_class=&#8221;bianco&#8221;]Ein Safe, ein Fotokopier-, Drucker- und Faxdienst sowie Informationen zu unserem Zone befinden Sie an der Rezeption.[\/vc_column_text][vc_empty_space height=&#8221;30px&#8221;][\/vc_column][vc_column offset=&#8221;vc_col-md-4&#8243; css=&#8221;.vc_custom_1531990587404{padding-right: 20% !important;padding-left: 15% !important;}&#8221;][vc_column_text el_class=&#8221;bianco&#8221; css=&#8221;.vc_custom_1615368136827{margin-bottom: 0px !important;padding-bottom: 0px !important;}&#8221;]<img loading=\"lazy\" class=\"alignnone size-full wp-image-7704\" src=\"https:\/\/hotelmilanomiazzina.com\/wp-content\/uploads\/2021\/03\/icona-lingue-parlate.png\" alt=\"\" width=\"100\" height=\"130\" \/>[\/vc_column_text][vc_empty_space height=&#8221;25px&#8221;][vc_column_text el_class=&#8221;bianco&#8221; css=&#8221;.vc_custom_1583492886927{padding-top: 10px !important;padding-bottom: 20px !important;}&#8221;]<\/p>\n<h4>Fremdsprachen<\/h4>\n<p>[\/vc_column_text][vc_empty_space height=&#8221;25px&#8221;][vc_separator color=&#8221;custom&#8221; align=&#8221;align_left&#8221; border_width=&#8221;4&#8243; el_width=&#8221;40&#8243; accent_color=&#8221;#ffffff&#8221; css=&#8221;.vc_custom_1583319350017{margin-bottom: 25px !important;}&#8221;][vc_column_text el_class=&#8221;bianco&#8221;]Hier sprechen wir Ihre Sprache: Italienisch, Englisch, Deutsch, Spanisch, Franz\u00f6sisch.[\/vc_column_text][vc_empty_space height=&#8221;30px&#8221;][\/vc_column][vc_column offset=&#8221;vc_col-md-4&#8243; css=&#8221;.vc_custom_1531990633769{padding-right: 20% !important;padding-left: 15% !important;}&#8221;][vc_column_text el_class=&#8221;bianco&#8221; css=&#8221;.vc_custom_1615368193099{margin-bottom: 0px !important;padding-bottom: 0px !important;}&#8221;]<img loading=\"lazy\" class=\"alignnone size-full wp-image-7542\" src=\"https:\/\/hotelmilanomiazzina.com\/wp-content\/uploads\/2021\/03\/icona-a-pochi-passi-dall-hotel.png\" alt=\"\" width=\"100\" height=\"130\" \/>[\/vc_column_text][vc_empty_space height=&#8221;25px&#8221;][vc_column_text el_class=&#8221;bianco&#8221; css=&#8221;.vc_custom_1583492908177{padding-top: 10px !important;padding-bottom: 20px !important;}&#8221;]<\/p>\n<h4>Ein paar Schritte vom Hotel entfernt<\/h4>\n<p>[\/vc_column_text][vc_empty_space height=&#8221;25px&#8221;][vc_separator color=&#8221;custom&#8221; align=&#8221;align_left&#8221; border_width=&#8221;4&#8243; el_width=&#8221;40&#8243; accent_color=&#8221;#ffffff&#8221; css=&#8221;.vc_custom_1583319350017{margin-bottom: 25px !important;}&#8221;][vc_column_text el_class=&#8221;bianco&#8221;]Parkplatz, Tennisplatz, Fu\u00dfballplatz, Kinderspielplatz, Bibliothek, Post, Lebensmittel, Kirche.[\/vc_column_text][vc_empty_space height=&#8221;30px&#8221;][\/vc_column][\/vc_row][vc_row full_width=&#8221;stretch_row&#8221; gap=&#8221;0&#8243; css=&#8221;.vc_custom_1584543782840{padding-top: 100px !important;padding-bottom: 100px !important;}&#8221; el_id=&#8221;prenota&#8221;][vc_column width=&#8221;1\/6&#8243;][\/vc_column][vc_column width=&#8221;5\/6&#8243;][vc_row_inner][vc_column_inner width=&#8221;1\/2&#8243; css=&#8221;.vc_custom_1583405420904{padding-right: 30px !important;padding-bottom: 80px !important;padding-left: 30px !important;}&#8221;][vc_separator color=&#8221;white&#8221; align=&#8221;align_left&#8221; border_width=&#8221;3&#8243; el_width=&#8221;10&#8243;][vc_empty_space height=&#8221;35px&#8221;][vc_column_text el_class=&#8221;bianco&#8221;]<\/p>\n<h3 class=\"bianco\">Buchen Sie Online!<\/h3>\n<p>[\/vc_column_text][vc_empty_space height=&#8221;30px&#8221;][vc_column_text el_class=&#8221;bianco&#8221;]<span class=\"grande\">Buchen Sie Ihren Aufenthalt am Lago Maggiore im Hotel Milano in Miazzina.<br \/>\nHaben Sie spezielle Bed\u00fcrfnisse? Kontaktieren Sie uns!<\/span>[\/vc_column_text][vc_empty_space height=&#8221;30px&#8221;]<style>.ld_button_69f31a63e1fae{color:rgb(255, 255, 255);}<\/style><a href=\"https:\/\/booking.passepartout.cloud\/booking?oidPortale=12598&#038;lingua=de\" target=\"_blank\" class=\"btn btn-default text-uppercase btn-lg btn-bordered border-thick ld_button_69f31a63e1fae vc_custom_1661346239885\">\n\t<span>\n\t\t\n\t\t\t\t\t<span class=\"btn-txt\">EIN ZIMMER BUCHEN<\/span>\n\t\t\t\n\t\t\t\t<\/span>\n<\/a>\n[vc_empty_space height=&#8221;30px&#8221;]<style>.ld_button_69f31a63e2103{color:rgb(255, 255, 255);}<\/style><a href=\"https:\/\/www.lago-reisen.de\/uebersicht.html?textsuche=&#038;sort=&#038;checkin=&#038;checkout=&#038;pers=2&#038;showfilter=off&#038;fewo=on&#038;region1=on&#038;ort62=on\" target=\"_blank\" class=\"btn btn-default text-uppercase btn-lg btn-bordered border-thick ld_button_69f31a63e2103 vc_custom_1617368186685\">\n\t<span>\n\t\t\n\t\t\t\t\t<span class=\"btn-txt\">BUCHEN SIE EINE WOHNUNG<\/span>\n\t\t\t\n\t\t\t\t<\/span>\n<\/a>\n[\/vc_column_inner][vc_column_inner width=&#8221;1\/2&#8243; align=&#8221;text-right&#8221;][vc_single_image image=&#8221;8476&#8243; img_size=&#8221;full&#8221;][\/vc_column_inner][\/vc_row_inner][\/vc_column][\/vc_row]<\/p>\n","protected":false},"excerpt":{"rendered":"<p>[vc_row row_hide=&#8221;hidden-xs&#8221;][vc_column][vc_empty_space height=&#8221;230px&#8221;][\/vc_column][\/vc_row][vc_row full_width=&#8221;stretch_row&#8221; gap=&#8221;0&#8243; css=&#8221;.vc_custom_1583424906085{padding-top: 100px !important;padding-bottom: 100px !important;}&#8221; el_id=&#8221;menu&#8221;][vc_column width=&#8221;1\/6&#8243;][\/vc_column][vc_column width=&#8221;5\/6&#8243;][vc_row_inner][vc_column_inner width=&#8221;1\/2&#8243; css=&#8221;.vc_custom_1583405420904{padding-right:&#8230;<\/p>\n","protected":false},"author":1,"featured_media":0,"parent":8607,"menu_order":0,"comment_status":"closed","ping_status":"closed","template":"","meta":{"_links_to":"","_links_to_target":""},"yoast_head":"<!-- This site is optimized with the Yoast SEO plugin v16.1.1 - https:\/\/yoast.com\/wordpress\/plugins\/seo\/ -->\n<title>Milano Hotel Miazzina Lago Maggiore Verbania | Dienstleistungen<\/title>\n<meta name=\"description\" content=\"Das Milano Miazzina Hotel bietet seinen G\u00e4sten ein Solarium und einen Whirlpool im Freien, Zimmerservice, K\u00fcchenzeile, Safe, WLAN und Parkpl\u00e4tze.\" \/>\n<link rel=\"canonical\" href=\"https:\/\/hotelmilanomiazzina.com\/de\/hotel-milano\/dienstleistungen\/\" \/>\n<meta property=\"og:locale\" content=\"de_DE\" \/>\n<meta property=\"og:type\" content=\"article\" \/>\n<meta property=\"og:title\" content=\"Milano Hotel Miazzina Lago Maggiore Verbania | Dienstleistungen\" \/>\n<meta property=\"og:description\" content=\"Das Milano Miazzina Hotel bietet seinen G\u00e4sten ein Solarium und einen Whirlpool im Freien, Zimmerservice, K\u00fcchenzeile, Safe, WLAN und Parkpl\u00e4tze.\" \/>\n<meta property=\"og:url\" content=\"https:\/\/hotelmilanomiazzina.com\/de\/hotel-milano\/dienstleistungen\/\" \/>\n<meta property=\"og:site_name\" content=\"Hotel Milano Miazzina e Ristorante Carpinus\" \/>\n<meta property=\"article:modified_time\" content=\"2025-11-06T18:57:44+00:00\" \/>\n<meta property=\"og:image\" content=\"https:\/\/hotelmilanomiazzina.com\/wp-content\/uploads\/2021\/03\/icona-servizio-di-reception.png\" \/>\n<meta name=\"twitter:card\" content=\"summary_large_image\" \/>\n<meta name=\"twitter:label1\" content=\"Gesch\u00e4tzte Lesezeit\">\n\t<meta name=\"twitter:data1\" content=\"4\u00a0Minuten\">\n<script type=\"application\/ld+json\" class=\"yoast-schema-graph\">{\"@context\":\"https:\/\/schema.org\",\"@graph\":[{\"@type\":\"WebSite\",\"@id\":\"https:\/\/hotelmilanomiazzina.com\/#website\",\"url\":\"https:\/\/hotelmilanomiazzina.com\/\",\"name\":\"Hotel Milano Miazzina e Ristorante Carpinus\",\"description\":\"\",\"potentialAction\":[{\"@type\":\"SearchAction\",\"target\":\"https:\/\/hotelmilanomiazzina.com\/?s={search_term_string}\",\"query-input\":\"required name=search_term_string\"}],\"inLanguage\":\"de\"},{\"@type\":\"ImageObject\",\"@id\":\"https:\/\/hotelmilanomiazzina.com\/de\/hotel-milano\/dienstleistungen\/#primaryimage\",\"inLanguage\":\"de\",\"url\":\"https:\/\/hotelmilanomiazzina.com\/wp-content\/uploads\/2021\/03\/icona-servizio-di-reception.png\",\"contentUrl\":\"https:\/\/hotelmilanomiazzina.com\/wp-content\/uploads\/2021\/03\/icona-servizio-di-reception.png\",\"width\":150,\"height\":150},{\"@type\":\"WebPage\",\"@id\":\"https:\/\/hotelmilanomiazzina.com\/de\/hotel-milano\/dienstleistungen\/#webpage\",\"url\":\"https:\/\/hotelmilanomiazzina.com\/de\/hotel-milano\/dienstleistungen\/\",\"name\":\"Milano Hotel Miazzina Lago Maggiore Verbania | Dienstleistungen\",\"isPartOf\":{\"@id\":\"https:\/\/hotelmilanomiazzina.com\/#website\"},\"primaryImageOfPage\":{\"@id\":\"https:\/\/hotelmilanomiazzina.com\/de\/hotel-milano\/dienstleistungen\/#primaryimage\"},\"datePublished\":\"2021-03-31T08:20:47+00:00\",\"dateModified\":\"2025-11-06T18:57:44+00:00\",\"description\":\"Das Milano Miazzina Hotel bietet seinen G\\u00e4sten ein Solarium und einen Whirlpool im Freien, Zimmerservice, K\\u00fcchenzeile, Safe, WLAN und Parkpl\\u00e4tze.\",\"breadcrumb\":{\"@id\":\"https:\/\/hotelmilanomiazzina.com\/de\/hotel-milano\/dienstleistungen\/#breadcrumb\"},\"inLanguage\":\"de\",\"potentialAction\":[{\"@type\":\"ReadAction\",\"target\":[\"https:\/\/hotelmilanomiazzina.com\/de\/hotel-milano\/dienstleistungen\/\"]}]},{\"@type\":\"BreadcrumbList\",\"@id\":\"https:\/\/hotelmilanomiazzina.com\/de\/hotel-milano\/dienstleistungen\/#breadcrumb\",\"itemListElement\":[{\"@type\":\"ListItem\",\"position\":1,\"item\":{\"@type\":\"WebPage\",\"@id\":\"https:\/\/hotelmilanomiazzina.com\/de\/\",\"url\":\"https:\/\/hotelmilanomiazzina.com\/de\/\",\"name\":\"Home\"}},{\"@type\":\"ListItem\",\"position\":2,\"item\":{\"@type\":\"WebPage\",\"@id\":\"https:\/\/hotelmilanomiazzina.com\/de\/hotel-milano\/\",\"url\":\"https:\/\/hotelmilanomiazzina.com\/de\/hotel-milano\/\",\"name\":\"Hotel Milano\"}},{\"@type\":\"ListItem\",\"position\":3,\"item\":{\"@type\":\"WebPage\",\"@id\":\"https:\/\/hotelmilanomiazzina.com\/de\/hotel-milano\/dienstleistungen\/\",\"url\":\"https:\/\/hotelmilanomiazzina.com\/de\/hotel-milano\/dienstleistungen\/\",\"name\":\"Dienstleistungen\"}}]}]}<\/script>\n<!-- \/ Yoast SEO plugin. -->","_links":{"self":[{"href":"https:\/\/hotelmilanomiazzina.com\/de\/wp-json\/wp\/v2\/pages\/8644"}],"collection":[{"href":"https:\/\/hotelmilanomiazzina.com\/de\/wp-json\/wp\/v2\/pages"}],"about":[{"href":"https:\/\/hotelmilanomiazzina.com\/de\/wp-json\/wp\/v2\/types\/page"}],"author":[{"embeddable":true,"href":"https:\/\/hotelmilanomiazzina.com\/de\/wp-json\/wp\/v2\/users\/1"}],"replies":[{"embeddable":true,"href":"https:\/\/hotelmilanomiazzina.com\/de\/wp-json\/wp\/v2\/comments?post=8644"}],"version-history":[{"count":8,"href":"https:\/\/hotelmilanomiazzina.com\/de\/wp-json\/wp\/v2\/pages\/8644\/revisions"}],"predecessor-version":[{"id":9692,"href":"https:\/\/hotelmilanomiazzina.com\/de\/wp-json\/wp\/v2\/pages\/8644\/revisions\/9692"}],"up":[{"embeddable":true,"href":"https:\/\/hotelmilanomiazzina.com\/de\/wp-json\/wp\/v2\/pages\/8607"}],"wp:attachment":[{"href":"https:\/\/hotelmilanomiazzina.com\/de\/wp-json\/wp\/v2\/media?parent=8644"}],"curies":[{"name":"wp","href":"https:\/\/api.w.org\/{rel}","templated":true}]}}